{"id":8735,"date":"2022-03-03T07:18:13","date_gmt":"2022-03-03T05:18:13","guid":{"rendered":"https:\/\/baubauwall.com\/?post_type=product&#038;p=8735"},"modified":"2022-06-13T14:09:57","modified_gmt":"2022-06-13T12:09:57","slug":"pilttapeet-keelatud-vili-roheline-seepia","status":"publish","type":"product","link":"https:\/\/baubauwall.com\/et\/toode\/pilttapeet-keelatud-vili-roheline-seepia\/","title":{"rendered":"Keelatud vili &#8211; roheline &#038; seepia"},"content":{"rendered":"<p>Tere tulemast fantaasiamaailma, kus k\u00f5ik pole alati nii, nagu tundub.\u00a0 Pilttapeet, mille muster kiht kihi haaval paljastab \u00fcllatavaid detaile. Kas m\u00e4rkad tapeedidisainis ananassi, linnuslgi v\u00f5i hoopis arti\u0161okki? See on tapeet, mis j\u00e4tab t\u00f5lgenduse Sinu kujutlusv\u00f5ime hooleks. Ainulaadne disain t\u00e4iendab kaunilt vintage esemeid v\u00f5i kaasaegset eklektilist sisekujundust.<\/p>\n<p>Pilttapeet &#8220;Keelatud vili&#8221; on meil olemas ka heledana ja petrooleum rohelisena.<\/p>\n<p><strong>&#8220;Ootamatud peegeldused\u201c<\/strong> <a href=\"https:\/\/baubauwall.com\/et\/uudised\/uus-tapeedikollektsioon-ootamatud-peegeldused\" target=\"_blank\" rel=\"noopener\">kollektsiooni<\/a> kordusmustrid ja pilttapeedid on t\u00e4is otsatuid avastusi. \u00dche nurga alt n\u00e4ed nii tuttavat faktuuri, teisalt v\u00f5ib see olla midagi hoopis muud. Kollektsiooni pilttapeedid flirdivad vastupidiselt klassikalistele stseenidele konkreetsel teemal hoopis kordusmustriga.<\/p>\n<p>&nbsp;<\/p>\n<p>&nbsp;<\/p>\n<p>&nbsp;<\/p>\n","protected":false},"excerpt":{"rendered":"<p>Tere tulemast fantaasiamaailma, kus k\u00f5ik pole alati nii, nagu tundub.\u00a0 Pilttapeet, mille muster kiht kihi haaval paljastab \u00fcllatavaid detaile. Kas m\u00e4rkad tapeedidisainis ananassi, linnuslgi v\u00f5i hoopis arti\u0161okki? See on tapeet, mis j\u00e4tab t\u00f5lgenduse Sinu kujutlusv\u00f5ime hooleks. Ainulaadne disain t\u00e4iendab kaunilt vintage esemeid v\u00f5i kaasaegset eklektilist sisekujundust. Pilttapeet &#8220;Keelatud vili&#8221; on meil olemas ka heledana ja [&hellip;]<\/p>\n","protected":false},"featured_media":43242,"comment_status":"open","ping_status":"closed","template":"","meta":{"_acf_changed":false,"inline_featured_image":false},"product_brand":[],"product_cat":[538,386,404,447,267,270,271,413,414,415,416,402,699,254,261],"product_tag":[695,539,345],"class_list":{"0":"post-8735","1":"product","2":"type-product","3":"status-publish","4":"has-post-thumbnail","6":"product_cat-kollektsioon-2022-et","7":"product_cat-kordusmustriga-tapeedid","8":"product_cat-abstraktne","9":"product_cat-maksimalistlik-et","10":"product_cat-sinised-tapeedid","11":"product_cat-tumedad-tapeedid","12":"product_cat-rohelised-tapeedid","13":"product_cat-magamistoa-tapeedid","14":"product_cat-soogitoa-tapeedid","15":"product_cat-kulalistetoa-tapeedid","16":"product_cat-esiku-tapeedid","17":"product_cat-elutoa-tapeedid","18":"product_cat-eesti-disain-tapeedid","19":"product_cat-loodus","20":"product_cat-puuviljad","21":"product_tag-eesti-disain-tapeedid","22":"product_tag-ootamatud-peegeldused-et","23":"product_tag-pilttapeet","24":"pa_designedby-triinu-silla","26":"first","27":"instock","28":"taxable","29":"shipping-taxable","30":"purchasable","31":"product-type-simple"},"acf":[],"yoast_head":"<!-- This site is optimized with the Yoast SEO plugin v25.9 - https:\/\/yoast.com\/wordpress\/plugins\/seo\/ -->\n<title>Disaintapeet Keelatud vili. Ootamatud peegeldused tapeedikollektsioon.<\/title>\n<meta name=\"description\" content=\"Roheline pilttapeet abstraktse mustriga. Uus tapeedikollektsioon eriliste disainidega. Keskkonnas\u00f5bralikud fliistapeedid, seina m\u00f5\u00f5tu paanid.\" \/>\n<meta name=\"robots\" content=\"index, follow, max-snippet:-1, max-image-preview:large, max-video-preview:-1\" \/>\n<link rel=\"canonical\" href=\"https:\/\/baubauwall.com\/et\/toode\/pilttapeet-keelatud-vili-roheline-seepia\/\" \/>\n<meta property=\"og:locale\" content=\"et_EE\" \/>\n<meta property=\"og:type\" content=\"article\" \/>\n<meta property=\"og:title\" content=\"Disaintapeet Keelatud vili. Ootamatud peegeldused tapeedikollektsioon.\" \/>\n<meta property=\"og:description\" content=\"Roheline pilttapeet abstraktse mustriga. Uus tapeedikollektsioon eriliste disainidega. Keskkonnas\u00f5bralikud fliistapeedid, seina m\u00f5\u00f5tu paanid.\" \/>\n<meta property=\"og:url\" content=\"https:\/\/baubauwall.com\/et\/toode\/pilttapeet-keelatud-vili-roheline-seepia\/\" \/>\n<meta property=\"og:site_name\" content=\"BAUBAUWALL TAPEEDID\" \/>\n<meta property=\"article:publisher\" content=\"https:\/\/www.facebook.com\/Baubauwall\" \/>\n<meta property=\"article:modified_time\" content=\"2022-06-13T12:09:57+00:00\" \/>\n<meta property=\"og:image\" content=\"https:\/\/baubauwall.com\/wp-content\/uploads\/2022\/03\/51200070_Peacock-greenbluesepia_Baubauwall_Wallmural_room5.jpg\" \/>\n\t<meta property=\"og:image:width\" content=\"897\" \/>\n\t<meta property=\"og:image:height\" content=\"800\" \/>\n\t<meta property=\"og:image:type\" content=\"image\/jpeg\" \/>\n<meta name=\"twitter:card\" content=\"summary_large_image\" \/>\n<meta name=\"twitter:label1\" content=\"Est. reading time\" \/>\n\t<meta name=\"twitter:data1\" content=\"1 minut\" \/>\n<script type=\"application\/ld+json\" class=\"yoast-schema-graph\">{\"@context\":\"https:\/\/schema.org\",\"@graph\":[{\"@type\":\"WebPage\",\"@id\":\"https:\/\/baubauwall.com\/et\/toode\/pilttapeet-keelatud-vili-roheline-seepia\/\",\"url\":\"https:\/\/baubauwall.com\/et\/toode\/pilttapeet-keelatud-vili-roheline-seepia\/\",\"name\":\"Disaintapeet Keelatud vili. Ootamatud peegeldused tapeedikollektsioon.\",\"isPartOf\":{\"@id\":\"https:\/\/baubauwall.com\/et\/#website\"},\"primaryImageOfPage\":{\"@id\":\"https:\/\/baubauwall.com\/et\/toode\/pilttapeet-keelatud-vili-roheline-seepia\/#primaryimage\"},\"image\":{\"@id\":\"https:\/\/baubauwall.com\/et\/toode\/pilttapeet-keelatud-vili-roheline-seepia\/#primaryimage\"},\"thumbnailUrl\":\"https:\/\/baubauwall.com\/wp-content\/uploads\/2022\/03\/51200070_ForbiddenFruit-greenblusepia_Baubauwall_Wallmural_room8.jpg\",\"datePublished\":\"2022-03-03T05:18:13+00:00\",\"dateModified\":\"2022-06-13T12:09:57+00:00\",\"description\":\"Roheline pilttapeet abstraktse mustriga. Uus tapeedikollektsioon eriliste disainidega. Keskkonnas\u00f5bralikud fliistapeedid, seina m\u00f5\u00f5tu paanid.\",\"breadcrumb\":{\"@id\":\"https:\/\/baubauwall.com\/et\/toode\/pilttapeet-keelatud-vili-roheline-seepia\/#breadcrumb\"},\"inLanguage\":\"et\",\"potentialAction\":[{\"@type\":\"ReadAction\",\"target\":[\"https:\/\/baubauwall.com\/et\/toode\/pilttapeet-keelatud-vili-roheline-seepia\/\"]}]},{\"@type\":\"ImageObject\",\"inLanguage\":\"et\",\"@id\":\"https:\/\/baubauwall.com\/et\/toode\/pilttapeet-keelatud-vili-roheline-seepia\/#primaryimage\",\"url\":\"https:\/\/baubauwall.com\/wp-content\/uploads\/2022\/03\/51200070_ForbiddenFruit-greenblusepia_Baubauwall_Wallmural_room8.jpg\",\"contentUrl\":\"https:\/\/baubauwall.com\/wp-content\/uploads\/2022\/03\/51200070_ForbiddenFruit-greenblusepia_Baubauwall_Wallmural_room8.jpg\",\"width\":1067,\"height\":1600,\"caption\":\"bedroom wallpaper in deep petrol colors. baubuawall wallpapers\"},{\"@type\":\"BreadcrumbList\",\"@id\":\"https:\/\/baubauwall.com\/et\/toode\/pilttapeet-keelatud-vili-roheline-seepia\/#breadcrumb\",\"itemListElement\":[{\"@type\":\"ListItem\",\"position\":1,\"name\":\"Koju\",\"item\":\"https:\/\/baubauwall.com\/et\/\"},{\"@type\":\"ListItem\",\"position\":2,\"name\":\"Tapeedid\",\"item\":\"https:\/\/baubauwall.com\/et\/tapeedid\/\"},{\"@type\":\"ListItem\",\"position\":3,\"name\":\"Keelatud vili &#8211; roheline &#038; seepia\"}]},{\"@type\":\"WebSite\",\"@id\":\"https:\/\/baubauwall.com\/et\/#website\",\"url\":\"https:\/\/baubauwall.com\/et\/\",\"name\":\"BAUBAUWALL Wallpapers\",\"description\":\"Valmis paanides tapeet Eestist!\",\"publisher\":{\"@id\":\"https:\/\/baubauwall.com\/et\/#organization\"},\"potentialAction\":[{\"@type\":\"SearchAction\",\"target\":{\"@type\":\"EntryPoint\",\"urlTemplate\":\"https:\/\/baubauwall.com\/et\/?s={search_term_string}\"},\"query-input\":{\"@type\":\"PropertyValueSpecification\",\"valueRequired\":true,\"valueName\":\"search_term_string\"}}],\"inLanguage\":\"et\"},{\"@type\":\"Organization\",\"@id\":\"https:\/\/baubauwall.com\/et\/#organization\",\"name\":\"BAUBAUWALL Wallpapers\",\"url\":\"https:\/\/baubauwall.com\/et\/\",\"logo\":{\"@type\":\"ImageObject\",\"inLanguage\":\"et\",\"@id\":\"https:\/\/baubauwall.com\/et\/#\/schema\/logo\/image\/\",\"url\":\"https:\/\/baubauwall.com\/wp-content\/uploads\/2022\/03\/logo-horizontal.svg\",\"contentUrl\":\"https:\/\/baubauwall.com\/wp-content\/uploads\/2022\/03\/logo-horizontal.svg\",\"width\":\"1024\",\"height\":\"1024\",\"caption\":\"BAUBAUWALL Wallpapers\"},\"image\":{\"@id\":\"https:\/\/baubauwall.com\/et\/#\/schema\/logo\/image\/\"},\"sameAs\":[\"https:\/\/www.facebook.com\/Baubauwall\",\"https:\/\/www.instagram.com\/baubauwall\"]}]}<\/script>\n<!-- \/ Yoast SEO plugin. -->","yoast_head_json":{"title":"Disaintapeet Keelatud vili. Ootamatud peegeldused tapeedikollektsioon.","description":"Roheline pilttapeet abstraktse mustriga. Uus tapeedikollektsioon eriliste disainidega. Keskkonnas\u00f5bralikud fliistapeedid, seina m\u00f5\u00f5tu paanid.","robots":{"index":"index","follow":"follow","max-snippet":"max-snippet:-1","max-image-preview":"max-image-preview:large","max-video-preview":"max-video-preview:-1"},"canonical":"https:\/\/baubauwall.com\/et\/toode\/pilttapeet-keelatud-vili-roheline-seepia\/","og_locale":"et_EE","og_type":"article","og_title":"Disaintapeet Keelatud vili. Ootamatud peegeldused tapeedikollektsioon.","og_description":"Roheline pilttapeet abstraktse mustriga. Uus tapeedikollektsioon eriliste disainidega. Keskkonnas\u00f5bralikud fliistapeedid, seina m\u00f5\u00f5tu paanid.","og_url":"https:\/\/baubauwall.com\/et\/toode\/pilttapeet-keelatud-vili-roheline-seepia\/","og_site_name":"BAUBAUWALL TAPEEDID","article_publisher":"https:\/\/www.facebook.com\/Baubauwall","article_modified_time":"2022-06-13T12:09:57+00:00","og_image":[{"width":897,"height":800,"url":"https:\/\/baubauwall.com\/wp-content\/uploads\/2022\/03\/51200070_Peacock-greenbluesepia_Baubauwall_Wallmural_room5.jpg","type":"image\/jpeg"}],"twitter_card":"summary_large_image","twitter_misc":{"Est. reading time":"1 minut"},"schema":{"@context":"https:\/\/schema.org","@graph":[{"@type":"WebPage","@id":"https:\/\/baubauwall.com\/et\/toode\/pilttapeet-keelatud-vili-roheline-seepia\/","url":"https:\/\/baubauwall.com\/et\/toode\/pilttapeet-keelatud-vili-roheline-seepia\/","name":"Disaintapeet Keelatud vili. Ootamatud peegeldused tapeedikollektsioon.","isPartOf":{"@id":"https:\/\/baubauwall.com\/et\/#website"},"primaryImageOfPage":{"@id":"https:\/\/baubauwall.com\/et\/toode\/pilttapeet-keelatud-vili-roheline-seepia\/#primaryimage"},"image":{"@id":"https:\/\/baubauwall.com\/et\/toode\/pilttapeet-keelatud-vili-roheline-seepia\/#primaryimage"},"thumbnailUrl":"https:\/\/baubauwall.com\/wp-content\/uploads\/2022\/03\/51200070_ForbiddenFruit-greenblusepia_Baubauwall_Wallmural_room8.jpg","datePublished":"2022-03-03T05:18:13+00:00","dateModified":"2022-06-13T12:09:57+00:00","description":"Roheline pilttapeet abstraktse mustriga. Uus tapeedikollektsioon eriliste disainidega. Keskkonnas\u00f5bralikud fliistapeedid, seina m\u00f5\u00f5tu paanid.","breadcrumb":{"@id":"https:\/\/baubauwall.com\/et\/toode\/pilttapeet-keelatud-vili-roheline-seepia\/#breadcrumb"},"inLanguage":"et","potentialAction":[{"@type":"ReadAction","target":["https:\/\/baubauwall.com\/et\/toode\/pilttapeet-keelatud-vili-roheline-seepia\/"]}]},{"@type":"ImageObject","inLanguage":"et","@id":"https:\/\/baubauwall.com\/et\/toode\/pilttapeet-keelatud-vili-roheline-seepia\/#primaryimage","url":"https:\/\/baubauwall.com\/wp-content\/uploads\/2022\/03\/51200070_ForbiddenFruit-greenblusepia_Baubauwall_Wallmural_room8.jpg","contentUrl":"https:\/\/baubauwall.com\/wp-content\/uploads\/2022\/03\/51200070_ForbiddenFruit-greenblusepia_Baubauwall_Wallmural_room8.jpg","width":1067,"height":1600,"caption":"bedroom wallpaper in deep petrol colors. baubuawall wallpapers"},{"@type":"BreadcrumbList","@id":"https:\/\/baubauwall.com\/et\/toode\/pilttapeet-keelatud-vili-roheline-seepia\/#breadcrumb","itemListElement":[{"@type":"ListItem","position":1,"name":"Koju","item":"https:\/\/baubauwall.com\/et\/"},{"@type":"ListItem","position":2,"name":"Tapeedid","item":"https:\/\/baubauwall.com\/et\/tapeedid\/"},{"@type":"ListItem","position":3,"name":"Keelatud vili &#8211; roheline &#038; seepia"}]},{"@type":"WebSite","@id":"https:\/\/baubauwall.com\/et\/#website","url":"https:\/\/baubauwall.com\/et\/","name":"BAUBAUWALL Wallpapers","description":"Valmis paanides tapeet Eestist!","publisher":{"@id":"https:\/\/baubauwall.com\/et\/#organization"},"potentialAction":[{"@type":"SearchAction","target":{"@type":"EntryPoint","urlTemplate":"https:\/\/baubauwall.com\/et\/?s={search_term_string}"},"query-input":{"@type":"PropertyValueSpecification","valueRequired":true,"valueName":"search_term_string"}}],"inLanguage":"et"},{"@type":"Organization","@id":"https:\/\/baubauwall.com\/et\/#organization","name":"BAUBAUWALL Wallpapers","url":"https:\/\/baubauwall.com\/et\/","logo":{"@type":"ImageObject","inLanguage":"et","@id":"https:\/\/baubauwall.com\/et\/#\/schema\/logo\/image\/","url":"https:\/\/baubauwall.com\/wp-content\/uploads\/2022\/03\/logo-horizontal.svg","contentUrl":"https:\/\/baubauwall.com\/wp-content\/uploads\/2022\/03\/logo-horizontal.svg","width":"1024","height":"1024","caption":"BAUBAUWALL Wallpapers"},"image":{"@id":"https:\/\/baubauwall.com\/et\/#\/schema\/logo\/image\/"},"sameAs":["https:\/\/www.facebook.com\/Baubauwall","https:\/\/www.instagram.com\/baubauwall"]}]}},"jetpack_sharing_enabled":true,"_links":{"self":[{"href":"https:\/\/baubauwall.com\/et\/wp-json\/wp\/v2\/product\/8735","targetHints":{"allow":["GET"]}}],"collection":[{"href":"https:\/\/baubauwall.com\/et\/wp-json\/wp\/v2\/product"}],"about":[{"href":"https:\/\/baubauwall.com\/et\/wp-json\/wp\/v2\/types\/product"}],"replies":[{"embeddable":true,"href":"https:\/\/baubauwall.com\/et\/wp-json\/wp\/v2\/comments?post=8735"}],"wp:featuredmedia":[{"embeddable":true,"href":"https:\/\/baubauwall.com\/et\/wp-json\/wp\/v2\/media\/43242"}],"wp:attachment":[{"href":"https:\/\/baubauwall.com\/et\/wp-json\/wp\/v2\/media?parent=8735"}],"wp:term":[{"taxonomy":"product_brand","embeddable":true,"href":"https:\/\/baubauwall.com\/et\/wp-json\/wp\/v2\/product_brand?post=8735"},{"taxonomy":"product_cat","embeddable":true,"href":"https:\/\/baubauwall.com\/et\/wp-json\/wp\/v2\/product_cat?post=8735"},{"taxonomy":"product_tag","embeddable":true,"href":"https:\/\/baubauwall.com\/et\/wp-json\/wp\/v2\/product_tag?post=8735"}],"curies":[{"name":"wp","href":"https:\/\/api.w.org\/{rel}","templated":true}]}}