{"id":8856,"date":"2022-03-03T07:18:13","date_gmt":"2022-03-03T05:18:13","guid":{"rendered":"https:\/\/baubauwall.com\/?post_type=product&#038;p=8856"},"modified":"2024-09-25T09:50:45","modified_gmt":"2024-09-25T07:50:45","slug":"pilttapeet-ootamatud-peegeldused-beez","status":"publish","type":"product","link":"https:\/\/baubauwall.com\/et\/toode\/pilttapeet-ootamatud-peegeldused-beez\/","title":{"rendered":"Ootamatud peegeldused &#8211; bee\u017e"},"content":{"rendered":"<p>Safari k\u00f5ige moodsamad loomad, olenemata aastaajast, on sebrad. Nende mustvalge muster on maailmakuulus ning justkui otsatu kordus. Kaleidoskooplikul, bee\u017eil pilttapeedi disainil on elegantsed sebrad l\u00f5putus korduses koos abstraktsete troopiliste lehtedega. Detailne, soojades toonides kaugetest maadest inspireeritud unikaalne pilttapeet sobib elegantselt kaasaegsesse interj\u00f6\u00f6ri kui ka inspireerivatesse <em>mid-century <\/em>stiilis <em>vintage<\/em> m\u00f6\u00f6bliga. Disaini autor on\u00a0<strong>Triinu Silla.\u00a0<\/strong>&#8220;Sama motiivi erinevasse konteksti asetades muutub motiivi t\u00e4hendus ja olemus, ning vana asi uues valguses v\u00f5ib olla ehmatavalt erinev ja erutav. Samas on korduses siiski m\u00f5nus r\u00fctm, mis tekitab teatava turvatunde, \u00e4ratundmisr\u00f5\u00f5mu ja mustri, milles tunned ennast mugavalt.&#8221;, \u00fctleb disainer ning see tapeet v\u00f5tab kokku autori m\u00f5tted, mis on siia talletatud.<\/p>\n<p><a href=\"https:\/\/baubauwall.com\/et\/uudised\/uus-tapeedikollektsioon-ootamatud-peegeldused\/\" target=\"_blank\" rel=\"noopener\">Kollektsioon<\/a> \u201dOotamatud peegeldused\u201d on lugu tapeetidest, mis r\u00e4\u00e4givad lugusid ootamatutest kordustest, eksootiliste elementide l\u00f5imumisest ning peegeldustest. Tapeedid, mis on t\u00e4is otsatuid avastusi, kus miski pole p\u00e4ris nii, nagu esmalt tundub. \u00dche nurga alt n\u00e4ed nii tuttavat faktuuri, teisalt v\u00f5ib see olla midagi hoopis muud.<\/p>\n<p>Pilttapeet &#8220;Ootamatud peegeldused&#8221; on olemas ka halli, sinise ja tumesinise toonides.<\/p>\n<p>&nbsp;<\/p>\n","protected":false},"excerpt":{"rendered":"<p>Safari k\u00f5ige moodsamad loomad, olenemata aastaajast, on sebrad. Nende mustvalge muster on maailmakuulus ning justkui otsatu kordus. Kaleidoskooplikul, bee\u017eil pilttapeedi disainil on elegantsed sebrad l\u00f5putus korduses koos abstraktsete troopiliste lehtedega. Detailne, soojades toonides kaugetest maadest inspireeritud unikaalne pilttapeet sobib elegantselt kaasaegsesse interj\u00f6\u00f6ri kui ka inspireerivatesse mid-century stiilis vintage m\u00f6\u00f6bliga. Disaini autor on\u00a0Triinu Silla.\u00a0&#8220;Sama motiivi erinevasse [&hellip;]<\/p>\n","protected":false},"featured_media":8839,"comment_status":"open","ping_status":"closed","template":"","meta":{"_acf_changed":false,"inline_featured_image":false},"product_brand":[],"product_cat":[538,387,622,404,447,265,752,413,414,415,399,401,402,412,699,254,255],"product_tag":[563,695,539,345],"class_list":{"0":"post-8856","1":"product","2":"type-product","3":"status-publish","4":"has-post-thumbnail","6":"product_cat-kollektsioon-2022-et","7":"product_cat-pilttapeedid","8":"product_cat-julged-tapeedid","9":"product_cat-abstraktne","10":"product_cat-maksimalistlik-et","11":"product_cat-beezid-tapeedid","12":"product_cat-avalik-ruum","13":"product_cat-magamistoa-tapeedid","14":"product_cat-soogitoa-tapeedid","15":"product_cat-kulalistetoa-tapeedid","16":"product_cat-kodukontori-tapeedid","17":"product_cat-koogi-tapeedid","18":"product_cat-elutoa-tapeedid","19":"product_cat-vannitoa-tapeedid","20":"product_cat-eesti-disain-tapeedid","21":"product_cat-loodus","22":"product_cat-loomad","23":"product_tag-biofiilia-stiil","24":"product_tag-eesti-disain-tapeedid","25":"product_tag-ootamatud-peegeldused-et","26":"product_tag-pilttapeet","27":"pa_designedby-triinu-silla","29":"first","30":"instock","31":"taxable","32":"shipping-taxable","33":"purchasable","34":"product-type-simple"},"acf":[],"yoast_head":"<!-- This site is optimized with the Yoast SEO plugin v25.9 - https:\/\/yoast.com\/wordpress\/plugins\/seo\/ -->\n<title>Bee\u017e pilttapeet sebradega. Disaintapeedid<\/title>\n<meta name=\"description\" content=\"Eriline tapeetide kollektsioon Ootamatud peegeldused. Troopilised lehed, sebrad bee\u017eides toonides. Ainulaadne pilttapeet. Fliistapeet.\" \/>\n<meta name=\"robots\" content=\"index, follow, max-snippet:-1, max-image-preview:large, max-video-preview:-1\" \/>\n<link rel=\"canonical\" href=\"https:\/\/baubauwall.com\/et\/toode\/pilttapeet-ootamatud-peegeldused-beez\/\" \/>\n<meta property=\"og:locale\" content=\"et_EE\" \/>\n<meta property=\"og:type\" content=\"article\" \/>\n<meta property=\"og:title\" content=\"Bee\u017e pilttapeet sebradega. Disaintapeedid\" \/>\n<meta property=\"og:description\" content=\"Eriline tapeetide kollektsioon Ootamatud peegeldused. Troopilised lehed, sebrad bee\u017eides toonides. Ainulaadne pilttapeet. Fliistapeet.\" \/>\n<meta property=\"og:url\" content=\"https:\/\/baubauwall.com\/et\/toode\/pilttapeet-ootamatud-peegeldused-beez\/\" \/>\n<meta property=\"og:site_name\" content=\"BAUBAUWALL TAPEEDID\" \/>\n<meta property=\"article:publisher\" content=\"https:\/\/www.facebook.com\/Baubauwall\" \/>\n<meta property=\"article:modified_time\" content=\"2024-09-25T07:50:45+00:00\" \/>\n<meta property=\"og:image\" content=\"https:\/\/baubauwall.com\/wp-content\/uploads\/2022\/03\/51200071_Unexpected_Encounters-beige_Baubauwall_Wallmural_room1-8.jpg\" \/>\n\t<meta property=\"og:image:width\" content=\"2000\" \/>\n\t<meta property=\"og:image:height\" content=\"800\" \/>\n\t<meta property=\"og:image:type\" content=\"image\/jpeg\" \/>\n<meta name=\"twitter:card\" content=\"summary_large_image\" \/>\n<meta name=\"twitter:label1\" content=\"Est. reading time\" \/>\n\t<meta name=\"twitter:data1\" content=\"1 minut\" \/>\n<script type=\"application\/ld+json\" class=\"yoast-schema-graph\">{\"@context\":\"https:\/\/schema.org\",\"@graph\":[{\"@type\":\"WebPage\",\"@id\":\"https:\/\/baubauwall.com\/et\/toode\/pilttapeet-ootamatud-peegeldused-beez\/\",\"url\":\"https:\/\/baubauwall.com\/et\/toode\/pilttapeet-ootamatud-peegeldused-beez\/\",\"name\":\"Bee\u017e pilttapeet sebradega. Disaintapeedid\",\"isPartOf\":{\"@id\":\"https:\/\/baubauwall.com\/et\/#website\"},\"primaryImageOfPage\":{\"@id\":\"https:\/\/baubauwall.com\/et\/toode\/pilttapeet-ootamatud-peegeldused-beez\/#primaryimage\"},\"image\":{\"@id\":\"https:\/\/baubauwall.com\/et\/toode\/pilttapeet-ootamatud-peegeldused-beez\/#primaryimage\"},\"thumbnailUrl\":\"https:\/\/baubauwall.com\/wp-content\/uploads\/2022\/03\/51200071_Unexpected_Encounters-beige_Baubauwall_Wallmural_room1-8.jpg\",\"datePublished\":\"2022-03-03T05:18:13+00:00\",\"dateModified\":\"2024-09-25T07:50:45+00:00\",\"description\":\"Eriline tapeetide kollektsioon Ootamatud peegeldused. Troopilised lehed, sebrad bee\u017eides toonides. Ainulaadne pilttapeet. Fliistapeet.\",\"breadcrumb\":{\"@id\":\"https:\/\/baubauwall.com\/et\/toode\/pilttapeet-ootamatud-peegeldused-beez\/#breadcrumb\"},\"inLanguage\":\"et\",\"potentialAction\":[{\"@type\":\"ReadAction\",\"target\":[\"https:\/\/baubauwall.com\/et\/toode\/pilttapeet-ootamatud-peegeldused-beez\/\"]}]},{\"@type\":\"ImageObject\",\"inLanguage\":\"et\",\"@id\":\"https:\/\/baubauwall.com\/et\/toode\/pilttapeet-ootamatud-peegeldused-beez\/#primaryimage\",\"url\":\"https:\/\/baubauwall.com\/wp-content\/uploads\/2022\/03\/51200071_Unexpected_Encounters-beige_Baubauwall_Wallmural_room1-8.jpg\",\"contentUrl\":\"https:\/\/baubauwall.com\/wp-content\/uploads\/2022\/03\/51200071_Unexpected_Encounters-beige_Baubauwall_Wallmural_room1-8.jpg\",\"width\":2000,\"height\":800,\"caption\":\"Unexpected Encounters Wall mural design\"},{\"@type\":\"BreadcrumbList\",\"@id\":\"https:\/\/baubauwall.com\/et\/toode\/pilttapeet-ootamatud-peegeldused-beez\/#breadcrumb\",\"itemListElement\":[{\"@type\":\"ListItem\",\"position\":1,\"name\":\"Koju\",\"item\":\"https:\/\/baubauwall.com\/et\/\"},{\"@type\":\"ListItem\",\"position\":2,\"name\":\"Tapeedid\",\"item\":\"https:\/\/baubauwall.com\/et\/tapeedid\/\"},{\"@type\":\"ListItem\",\"position\":3,\"name\":\"Ootamatud peegeldused &#8211; bee\u017e\"}]},{\"@type\":\"WebSite\",\"@id\":\"https:\/\/baubauwall.com\/et\/#website\",\"url\":\"https:\/\/baubauwall.com\/et\/\",\"name\":\"BAUBAUWALL Wallpapers\",\"description\":\"Valmis paanides tapeet Eestist!\",\"publisher\":{\"@id\":\"https:\/\/baubauwall.com\/et\/#organization\"},\"potentialAction\":[{\"@type\":\"SearchAction\",\"target\":{\"@type\":\"EntryPoint\",\"urlTemplate\":\"https:\/\/baubauwall.com\/et\/?s={search_term_string}\"},\"query-input\":{\"@type\":\"PropertyValueSpecification\",\"valueRequired\":true,\"valueName\":\"search_term_string\"}}],\"inLanguage\":\"et\"},{\"@type\":\"Organization\",\"@id\":\"https:\/\/baubauwall.com\/et\/#organization\",\"name\":\"BAUBAUWALL Wallpapers\",\"url\":\"https:\/\/baubauwall.com\/et\/\",\"logo\":{\"@type\":\"ImageObject\",\"inLanguage\":\"et\",\"@id\":\"https:\/\/baubauwall.com\/et\/#\/schema\/logo\/image\/\",\"url\":\"https:\/\/baubauwall.com\/wp-content\/uploads\/2022\/03\/logo-horizontal.svg\",\"contentUrl\":\"https:\/\/baubauwall.com\/wp-content\/uploads\/2022\/03\/logo-horizontal.svg\",\"width\":\"1024\",\"height\":\"1024\",\"caption\":\"BAUBAUWALL Wallpapers\"},\"image\":{\"@id\":\"https:\/\/baubauwall.com\/et\/#\/schema\/logo\/image\/\"},\"sameAs\":[\"https:\/\/www.facebook.com\/Baubauwall\",\"https:\/\/www.instagram.com\/baubauwall\"]}]}<\/script>\n<!-- \/ Yoast SEO plugin. -->","yoast_head_json":{"title":"Bee\u017e pilttapeet sebradega. Disaintapeedid","description":"Eriline tapeetide kollektsioon Ootamatud peegeldused. Troopilised lehed, sebrad bee\u017eides toonides. Ainulaadne pilttapeet. Fliistapeet.","robots":{"index":"index","follow":"follow","max-snippet":"max-snippet:-1","max-image-preview":"max-image-preview:large","max-video-preview":"max-video-preview:-1"},"canonical":"https:\/\/baubauwall.com\/et\/toode\/pilttapeet-ootamatud-peegeldused-beez\/","og_locale":"et_EE","og_type":"article","og_title":"Bee\u017e pilttapeet sebradega. Disaintapeedid","og_description":"Eriline tapeetide kollektsioon Ootamatud peegeldused. Troopilised lehed, sebrad bee\u017eides toonides. Ainulaadne pilttapeet. Fliistapeet.","og_url":"https:\/\/baubauwall.com\/et\/toode\/pilttapeet-ootamatud-peegeldused-beez\/","og_site_name":"BAUBAUWALL TAPEEDID","article_publisher":"https:\/\/www.facebook.com\/Baubauwall","article_modified_time":"2024-09-25T07:50:45+00:00","og_image":[{"width":2000,"height":800,"url":"https:\/\/baubauwall.com\/wp-content\/uploads\/2022\/03\/51200071_Unexpected_Encounters-beige_Baubauwall_Wallmural_room1-8.jpg","type":"image\/jpeg"}],"twitter_card":"summary_large_image","twitter_misc":{"Est. reading time":"1 minut"},"schema":{"@context":"https:\/\/schema.org","@graph":[{"@type":"WebPage","@id":"https:\/\/baubauwall.com\/et\/toode\/pilttapeet-ootamatud-peegeldused-beez\/","url":"https:\/\/baubauwall.com\/et\/toode\/pilttapeet-ootamatud-peegeldused-beez\/","name":"Bee\u017e pilttapeet sebradega. Disaintapeedid","isPartOf":{"@id":"https:\/\/baubauwall.com\/et\/#website"},"primaryImageOfPage":{"@id":"https:\/\/baubauwall.com\/et\/toode\/pilttapeet-ootamatud-peegeldused-beez\/#primaryimage"},"image":{"@id":"https:\/\/baubauwall.com\/et\/toode\/pilttapeet-ootamatud-peegeldused-beez\/#primaryimage"},"thumbnailUrl":"https:\/\/baubauwall.com\/wp-content\/uploads\/2022\/03\/51200071_Unexpected_Encounters-beige_Baubauwall_Wallmural_room1-8.jpg","datePublished":"2022-03-03T05:18:13+00:00","dateModified":"2024-09-25T07:50:45+00:00","description":"Eriline tapeetide kollektsioon Ootamatud peegeldused. Troopilised lehed, sebrad bee\u017eides toonides. Ainulaadne pilttapeet. Fliistapeet.","breadcrumb":{"@id":"https:\/\/baubauwall.com\/et\/toode\/pilttapeet-ootamatud-peegeldused-beez\/#breadcrumb"},"inLanguage":"et","potentialAction":[{"@type":"ReadAction","target":["https:\/\/baubauwall.com\/et\/toode\/pilttapeet-ootamatud-peegeldused-beez\/"]}]},{"@type":"ImageObject","inLanguage":"et","@id":"https:\/\/baubauwall.com\/et\/toode\/pilttapeet-ootamatud-peegeldused-beez\/#primaryimage","url":"https:\/\/baubauwall.com\/wp-content\/uploads\/2022\/03\/51200071_Unexpected_Encounters-beige_Baubauwall_Wallmural_room1-8.jpg","contentUrl":"https:\/\/baubauwall.com\/wp-content\/uploads\/2022\/03\/51200071_Unexpected_Encounters-beige_Baubauwall_Wallmural_room1-8.jpg","width":2000,"height":800,"caption":"Unexpected Encounters Wall mural design"},{"@type":"BreadcrumbList","@id":"https:\/\/baubauwall.com\/et\/toode\/pilttapeet-ootamatud-peegeldused-beez\/#breadcrumb","itemListElement":[{"@type":"ListItem","position":1,"name":"Koju","item":"https:\/\/baubauwall.com\/et\/"},{"@type":"ListItem","position":2,"name":"Tapeedid","item":"https:\/\/baubauwall.com\/et\/tapeedid\/"},{"@type":"ListItem","position":3,"name":"Ootamatud peegeldused &#8211; bee\u017e"}]},{"@type":"WebSite","@id":"https:\/\/baubauwall.com\/et\/#website","url":"https:\/\/baubauwall.com\/et\/","name":"BAUBAUWALL Wallpapers","description":"Valmis paanides tapeet Eestist!","publisher":{"@id":"https:\/\/baubauwall.com\/et\/#organization"},"potentialAction":[{"@type":"SearchAction","target":{"@type":"EntryPoint","urlTemplate":"https:\/\/baubauwall.com\/et\/?s={search_term_string}"},"query-input":{"@type":"PropertyValueSpecification","valueRequired":true,"valueName":"search_term_string"}}],"inLanguage":"et"},{"@type":"Organization","@id":"https:\/\/baubauwall.com\/et\/#organization","name":"BAUBAUWALL Wallpapers","url":"https:\/\/baubauwall.com\/et\/","logo":{"@type":"ImageObject","inLanguage":"et","@id":"https:\/\/baubauwall.com\/et\/#\/schema\/logo\/image\/","url":"https:\/\/baubauwall.com\/wp-content\/uploads\/2022\/03\/logo-horizontal.svg","contentUrl":"https:\/\/baubauwall.com\/wp-content\/uploads\/2022\/03\/logo-horizontal.svg","width":"1024","height":"1024","caption":"BAUBAUWALL Wallpapers"},"image":{"@id":"https:\/\/baubauwall.com\/et\/#\/schema\/logo\/image\/"},"sameAs":["https:\/\/www.facebook.com\/Baubauwall","https:\/\/www.instagram.com\/baubauwall"]}]}},"jetpack_sharing_enabled":true,"_links":{"self":[{"href":"https:\/\/baubauwall.com\/et\/wp-json\/wp\/v2\/product\/8856","targetHints":{"allow":["GET"]}}],"collection":[{"href":"https:\/\/baubauwall.com\/et\/wp-json\/wp\/v2\/product"}],"about":[{"href":"https:\/\/baubauwall.com\/et\/wp-json\/wp\/v2\/types\/product"}],"replies":[{"embeddable":true,"href":"https:\/\/baubauwall.com\/et\/wp-json\/wp\/v2\/comments?post=8856"}],"wp:featuredmedia":[{"embeddable":true,"href":"https:\/\/baubauwall.com\/et\/wp-json\/wp\/v2\/media\/8839"}],"wp:attachment":[{"href":"https:\/\/baubauwall.com\/et\/wp-json\/wp\/v2\/media?parent=8856"}],"wp:term":[{"taxonomy":"product_brand","embeddable":true,"href":"https:\/\/baubauwall.com\/et\/wp-json\/wp\/v2\/product_brand?post=8856"},{"taxonomy":"product_cat","embeddable":true,"href":"https:\/\/baubauwall.com\/et\/wp-json\/wp\/v2\/product_cat?post=8856"},{"taxonomy":"product_tag","embeddable":true,"href":"https:\/\/baubauwall.com\/et\/wp-json\/wp\/v2\/product_tag?post=8856"}],"curies":[{"name":"wp","href":"https:\/\/api.w.org\/{rel}","templated":true}]}}