{"id":8903,"date":"2022-03-03T09:18:14","date_gmt":"2022-03-03T07:18:14","guid":{"rendered":"https:\/\/baubauwall.com\/product\/wallmural-unexpected-encounters-grey\/"},"modified":"2025-05-22T12:17:50","modified_gmt":"2025-05-22T10:17:50","slug":"pilttapeet-ootamatud-peegeldused-hall","status":"publish","type":"product","link":"https:\/\/baubauwall.com\/et\/toode\/pilttapeet-ootamatud-peegeldused-hall\/","title":{"rendered":"Ootamatud peegeldused &#8211; hall"},"content":{"rendered":"<p>Sebradega tapeet Ootamatud peegeldused. Kas teadsid, et safari k\u00f5ige moodsamad loomad &#8211; olenemata aastaajast &#8211; on sebrad?! Nende mustvalge muster on maailmakuulus ning justkui otsatu kordus. Kaleidoskooplikul, sebradega pilttapeedi disainil on elegantsed loomad l\u00f5putus korduses koos troopiliste lehtedega. Detailne, soojades toonides kaugetest maadest inspireeritud unikaalne pilttapeet sobib elegantselt kaasaegsesse interj\u00f6\u00f6ri kui ka inspireerivatesse <em>mid-century<\/em> stiilis vintage m\u00f6\u00f6bliga. Disaini autor on Triinu Silla. &#8220;Sama motiivi erinevasse konteksti asetades muutub motiivi t\u00e4hendus ja olemus, ning vana asi uues valguses v\u00f5ib olla ehmatavalt erinev ja erutav. Samas on korduses siiski m\u00f5nus r\u00fctm, mis tekitab teatava turvatunde, \u00e4ratundmisr\u00f5\u00f5mu ja mustri, milles tunned ennast mugavalt.&#8221;, \u00fctleb disainer ning see sebradega tapeet v\u00f5tab kokku autori m\u00f5tted, mis on siia talletatud.<\/p>\n<p><a href=\"https:\/\/baubauwall.com\/et\/tootekategooria\/tapeedi-kollektsioonid\/kollektsioon-2022-et\/\">Kollektsioon<\/a> \u201dOotamatud peegeldused\u201d on lugu tapeetidest, mis r\u00e4\u00e4givad lugusid ootamatutest kordustest, eksootiliste elementide l\u00f5imumisest ning peegeldustest. Tapeedid, mis on t\u00e4is otsatuid avastusi, kus miski pole p\u00e4ris nii, nagu esmalt tundub. \u00dche nurga alt n\u00e4ed nii tuttavat faktuuri, teisalt v\u00f5ib see olla midagi hoopis muud.<\/p>\n<p>Pilttapeet &#8220;Ootamatud peegeldused&#8221; j\u00f5udis \u00fche kenasse magamistuppa. <a href=\"https:\/\/moodnekodu.delfi.ee\/artikkel\/120237259\/kuidas-ma-paigaldasin-kodus-tapeeti\" target=\"_blank\" rel=\"noopener\">Loe l\u00e4hemalt.<\/a><\/p>\n<p>&nbsp;<\/p>\n","protected":false},"excerpt":{"rendered":"<p>Sebradega tapeet Ootamatud peegeldused. Kas teadsid, et safari k\u00f5ige moodsamad loomad &#8211; olenemata aastaajast &#8211; on sebrad?! Nende mustvalge muster on maailmakuulus ning justkui otsatu kordus. Kaleidoskooplikul, sebradega pilttapeedi disainil on elegantsed loomad l\u00f5putus korduses koos troopiliste lehtedega. Detailne, soojades toonides kaugetest maadest inspireeritud unikaalne pilttapeet sobib elegantselt kaasaegsesse interj\u00f6\u00f6ri kui ka inspireerivatesse mid-century stiilis [&hellip;]<\/p>\n","protected":false},"featured_media":8886,"comment_status":"open","ping_status":"closed","template":"","meta":{"_acf_changed":false,"inline_featured_image":false},"product_brand":[],"product_cat":[538,387,404,447,394,266,270,272,752,413,414,415,416,399,401,402,412,699,254,255],"product_tag":[695,539,345,361],"class_list":{"0":"post-8903","1":"product","2":"type-product","3":"status-publish","4":"has-post-thumbnail","6":"product_cat-kollektsioon-2022-et","7":"product_cat-pilttapeedid","8":"product_cat-abstraktne","9":"product_cat-maksimalistlik-et","10":"product_cat-rikkalik","11":"product_cat-mustad-tapeedid","12":"product_cat-tumedad-tapeedid","13":"product_cat-hallid-tapeedid","14":"product_cat-avalik-ruum","15":"product_cat-magamistoa-tapeedid","16":"product_cat-soogitoa-tapeedid","17":"product_cat-kulalistetoa-tapeedid","18":"product_cat-esiku-tapeedid","19":"product_cat-kodukontori-tapeedid","20":"product_cat-koogi-tapeedid","21":"product_cat-elutoa-tapeedid","22":"product_cat-vannitoa-tapeedid","23":"product_cat-eesti-disain-tapeedid","24":"product_cat-loodus","25":"product_cat-loomad","26":"product_tag-eesti-disain-tapeedid","27":"product_tag-ootamatud-peegeldused-et","28":"product_tag-pilttapeet","29":"product_tag-safari-et","30":"pa_designedby-triinu-silla","32":"first","33":"instock","34":"taxable","35":"shipping-taxable","36":"purchasable","37":"product-type-simple"},"acf":[],"yoast_head":"<!-- This site is optimized with the Yoast SEO plugin v25.9 - https:\/\/yoast.com\/wordpress\/plugins\/seo\/ -->\n<title>Sebradega tapeet Ootamatud kohtumised - hall. Disaintapeet<\/title>\n<meta name=\"description\" content=\"Sebradega tapeet, mis pole \u00fcldse tavaline! Disaintapeedil on troopilised lehed ja sebrad hallides toonides. Ainulaadne pilttapeet. Fliistapeet.\" \/>\n<meta name=\"robots\" content=\"index, follow, max-snippet:-1, max-image-preview:large, max-video-preview:-1\" \/>\n<link rel=\"canonical\" href=\"https:\/\/baubauwall.com\/et\/toode\/pilttapeet-ootamatud-peegeldused-hall\/\" \/>\n<meta property=\"og:locale\" content=\"et_EE\" \/>\n<meta property=\"og:type\" content=\"article\" \/>\n<meta property=\"og:title\" content=\"Sebradega tapeet Ootamatud kohtumised - hall. Disaintapeet\" \/>\n<meta property=\"og:description\" content=\"Sebradega tapeet, mis pole \u00fcldse tavaline! Disaintapeedil on troopilised lehed ja sebrad hallides toonides. Ainulaadne pilttapeet. Fliistapeet.\" \/>\n<meta property=\"og:url\" content=\"https:\/\/baubauwall.com\/et\/toode\/pilttapeet-ootamatud-peegeldused-hall\/\" \/>\n<meta property=\"og:site_name\" content=\"BAUBAUWALL Wallpapers\" \/>\n<meta property=\"article:publisher\" content=\"https:\/\/www.facebook.com\/Baubauwall\" \/>\n<meta property=\"article:modified_time\" content=\"2025-05-22T10:17:50+00:00\" \/>\n<meta property=\"og:image\" content=\"https:\/\/baubauwall.com\/wp-content\/uploads\/2022\/03\/51200073_Unexpected_Encounters-grey_Baubauwall_Wallmural_room1-1.jpg\" \/>\n\t<meta property=\"og:image:width\" content=\"720\" \/>\n\t<meta property=\"og:image:height\" content=\"800\" \/>\n\t<meta property=\"og:image:type\" content=\"image\/jpeg\" \/>\n<meta name=\"twitter:card\" content=\"summary_large_image\" \/>\n<meta name=\"twitter:label1\" content=\"Est. reading time\" \/>\n\t<meta name=\"twitter:data1\" content=\"1 minut\" \/>\n<script type=\"application\/ld+json\" class=\"yoast-schema-graph\">{\"@context\":\"https:\/\/schema.org\",\"@graph\":[{\"@type\":\"WebPage\",\"@id\":\"https:\/\/baubauwall.com\/et\/toode\/pilttapeet-ootamatud-peegeldused-hall\/\",\"url\":\"https:\/\/baubauwall.com\/et\/toode\/pilttapeet-ootamatud-peegeldused-hall\/\",\"name\":\"Sebradega tapeet Ootamatud kohtumised - hall. Disaintapeet\",\"isPartOf\":{\"@id\":\"https:\/\/baubauwall.com\/et\/#website\"},\"primaryImageOfPage\":{\"@id\":\"https:\/\/baubauwall.com\/et\/toode\/pilttapeet-ootamatud-peegeldused-hall\/#primaryimage\"},\"image\":{\"@id\":\"https:\/\/baubauwall.com\/et\/toode\/pilttapeet-ootamatud-peegeldused-hall\/#primaryimage\"},\"thumbnailUrl\":\"https:\/\/baubauwall.com\/wp-content\/uploads\/2022\/03\/51200073_Unexpected_Encounters-grey_Baubauwall_Wallmural_room1-1.jpg\",\"datePublished\":\"2022-03-03T07:18:14+00:00\",\"dateModified\":\"2025-05-22T10:17:50+00:00\",\"description\":\"Sebradega tapeet, mis pole \u00fcldse tavaline! Disaintapeedil on troopilised lehed ja sebrad hallides toonides. Ainulaadne pilttapeet. Fliistapeet.\",\"breadcrumb\":{\"@id\":\"https:\/\/baubauwall.com\/et\/toode\/pilttapeet-ootamatud-peegeldused-hall\/#breadcrumb\"},\"inLanguage\":\"et\",\"potentialAction\":[{\"@type\":\"ReadAction\",\"target\":[\"https:\/\/baubauwall.com\/et\/toode\/pilttapeet-ootamatud-peegeldused-hall\/\"]}]},{\"@type\":\"ImageObject\",\"inLanguage\":\"et\",\"@id\":\"https:\/\/baubauwall.com\/et\/toode\/pilttapeet-ootamatud-peegeldused-hall\/#primaryimage\",\"url\":\"https:\/\/baubauwall.com\/wp-content\/uploads\/2022\/03\/51200073_Unexpected_Encounters-grey_Baubauwall_Wallmural_room1-1.jpg\",\"contentUrl\":\"https:\/\/baubauwall.com\/wp-content\/uploads\/2022\/03\/51200073_Unexpected_Encounters-grey_Baubauwall_Wallmural_room1-1.jpg\",\"width\":720,\"height\":800,\"caption\":\"Sebradega hall tapeet. baubauwall wallmural design collection\"},{\"@type\":\"BreadcrumbList\",\"@id\":\"https:\/\/baubauwall.com\/et\/toode\/pilttapeet-ootamatud-peegeldused-hall\/#breadcrumb\",\"itemListElement\":[{\"@type\":\"ListItem\",\"position\":1,\"name\":\"Koju\",\"item\":\"https:\/\/baubauwall.com\/et\/\"},{\"@type\":\"ListItem\",\"position\":2,\"name\":\"Tapeedid\",\"item\":\"https:\/\/baubauwall.com\/et\/tapeedid\/\"},{\"@type\":\"ListItem\",\"position\":3,\"name\":\"Ootamatud peegeldused &#8211; hall\"}]},{\"@type\":\"WebSite\",\"@id\":\"https:\/\/baubauwall.com\/et\/#website\",\"url\":\"https:\/\/baubauwall.com\/et\/\",\"name\":\"BAUBAUWALL Wallpapers\",\"description\":\"Valmis paanides tapeet Eestist!\",\"publisher\":{\"@id\":\"https:\/\/baubauwall.com\/et\/#organization\"},\"potentialAction\":[{\"@type\":\"SearchAction\",\"target\":{\"@type\":\"EntryPoint\",\"urlTemplate\":\"https:\/\/baubauwall.com\/et\/?s={search_term_string}\"},\"query-input\":{\"@type\":\"PropertyValueSpecification\",\"valueRequired\":true,\"valueName\":\"search_term_string\"}}],\"inLanguage\":\"et\"},{\"@type\":\"Organization\",\"@id\":\"https:\/\/baubauwall.com\/et\/#organization\",\"name\":\"BAUBAUWALL Wallpapers\",\"url\":\"https:\/\/baubauwall.com\/et\/\",\"logo\":{\"@type\":\"ImageObject\",\"inLanguage\":\"et\",\"@id\":\"https:\/\/baubauwall.com\/et\/#\/schema\/logo\/image\/\",\"url\":\"https:\/\/baubauwall.com\/wp-content\/uploads\/2022\/03\/logo-horizontal.svg\",\"contentUrl\":\"https:\/\/baubauwall.com\/wp-content\/uploads\/2022\/03\/logo-horizontal.svg\",\"width\":\"1024\",\"height\":\"1024\",\"caption\":\"BAUBAUWALL Wallpapers\"},\"image\":{\"@id\":\"https:\/\/baubauwall.com\/et\/#\/schema\/logo\/image\/\"},\"sameAs\":[\"https:\/\/www.facebook.com\/Baubauwall\",\"https:\/\/www.instagram.com\/baubauwall\"]}]}<\/script>\n<!-- \/ Yoast SEO plugin. -->","yoast_head_json":{"title":"Sebradega tapeet Ootamatud kohtumised - hall. Disaintapeet","description":"Sebradega tapeet, mis pole \u00fcldse tavaline! Disaintapeedil on troopilised lehed ja sebrad hallides toonides. Ainulaadne pilttapeet. Fliistapeet.","robots":{"index":"index","follow":"follow","max-snippet":"max-snippet:-1","max-image-preview":"max-image-preview:large","max-video-preview":"max-video-preview:-1"},"canonical":"https:\/\/baubauwall.com\/et\/toode\/pilttapeet-ootamatud-peegeldused-hall\/","og_locale":"et_EE","og_type":"article","og_title":"Sebradega tapeet Ootamatud kohtumised - hall. Disaintapeet","og_description":"Sebradega tapeet, mis pole \u00fcldse tavaline! Disaintapeedil on troopilised lehed ja sebrad hallides toonides. Ainulaadne pilttapeet. Fliistapeet.","og_url":"https:\/\/baubauwall.com\/et\/toode\/pilttapeet-ootamatud-peegeldused-hall\/","og_site_name":"BAUBAUWALL Wallpapers","article_publisher":"https:\/\/www.facebook.com\/Baubauwall","article_modified_time":"2025-05-22T10:17:50+00:00","og_image":[{"width":720,"height":800,"url":"https:\/\/baubauwall.com\/wp-content\/uploads\/2022\/03\/51200073_Unexpected_Encounters-grey_Baubauwall_Wallmural_room1-1.jpg","type":"image\/jpeg"}],"twitter_card":"summary_large_image","twitter_misc":{"Est. reading time":"1 minut"},"schema":{"@context":"https:\/\/schema.org","@graph":[{"@type":"WebPage","@id":"https:\/\/baubauwall.com\/et\/toode\/pilttapeet-ootamatud-peegeldused-hall\/","url":"https:\/\/baubauwall.com\/et\/toode\/pilttapeet-ootamatud-peegeldused-hall\/","name":"Sebradega tapeet Ootamatud kohtumised - hall. Disaintapeet","isPartOf":{"@id":"https:\/\/baubauwall.com\/et\/#website"},"primaryImageOfPage":{"@id":"https:\/\/baubauwall.com\/et\/toode\/pilttapeet-ootamatud-peegeldused-hall\/#primaryimage"},"image":{"@id":"https:\/\/baubauwall.com\/et\/toode\/pilttapeet-ootamatud-peegeldused-hall\/#primaryimage"},"thumbnailUrl":"https:\/\/baubauwall.com\/wp-content\/uploads\/2022\/03\/51200073_Unexpected_Encounters-grey_Baubauwall_Wallmural_room1-1.jpg","datePublished":"2022-03-03T07:18:14+00:00","dateModified":"2025-05-22T10:17:50+00:00","description":"Sebradega tapeet, mis pole \u00fcldse tavaline! Disaintapeedil on troopilised lehed ja sebrad hallides toonides. Ainulaadne pilttapeet. Fliistapeet.","breadcrumb":{"@id":"https:\/\/baubauwall.com\/et\/toode\/pilttapeet-ootamatud-peegeldused-hall\/#breadcrumb"},"inLanguage":"et","potentialAction":[{"@type":"ReadAction","target":["https:\/\/baubauwall.com\/et\/toode\/pilttapeet-ootamatud-peegeldused-hall\/"]}]},{"@type":"ImageObject","inLanguage":"et","@id":"https:\/\/baubauwall.com\/et\/toode\/pilttapeet-ootamatud-peegeldused-hall\/#primaryimage","url":"https:\/\/baubauwall.com\/wp-content\/uploads\/2022\/03\/51200073_Unexpected_Encounters-grey_Baubauwall_Wallmural_room1-1.jpg","contentUrl":"https:\/\/baubauwall.com\/wp-content\/uploads\/2022\/03\/51200073_Unexpected_Encounters-grey_Baubauwall_Wallmural_room1-1.jpg","width":720,"height":800,"caption":"Sebradega hall tapeet. baubauwall wallmural design collection"},{"@type":"BreadcrumbList","@id":"https:\/\/baubauwall.com\/et\/toode\/pilttapeet-ootamatud-peegeldused-hall\/#breadcrumb","itemListElement":[{"@type":"ListItem","position":1,"name":"Koju","item":"https:\/\/baubauwall.com\/et\/"},{"@type":"ListItem","position":2,"name":"Tapeedid","item":"https:\/\/baubauwall.com\/et\/tapeedid\/"},{"@type":"ListItem","position":3,"name":"Ootamatud peegeldused &#8211; hall"}]},{"@type":"WebSite","@id":"https:\/\/baubauwall.com\/et\/#website","url":"https:\/\/baubauwall.com\/et\/","name":"BAUBAUWALL Wallpapers","description":"Valmis paanides tapeet Eestist!","publisher":{"@id":"https:\/\/baubauwall.com\/et\/#organization"},"potentialAction":[{"@type":"SearchAction","target":{"@type":"EntryPoint","urlTemplate":"https:\/\/baubauwall.com\/et\/?s={search_term_string}"},"query-input":{"@type":"PropertyValueSpecification","valueRequired":true,"valueName":"search_term_string"}}],"inLanguage":"et"},{"@type":"Organization","@id":"https:\/\/baubauwall.com\/et\/#organization","name":"BAUBAUWALL Wallpapers","url":"https:\/\/baubauwall.com\/et\/","logo":{"@type":"ImageObject","inLanguage":"et","@id":"https:\/\/baubauwall.com\/et\/#\/schema\/logo\/image\/","url":"https:\/\/baubauwall.com\/wp-content\/uploads\/2022\/03\/logo-horizontal.svg","contentUrl":"https:\/\/baubauwall.com\/wp-content\/uploads\/2022\/03\/logo-horizontal.svg","width":"1024","height":"1024","caption":"BAUBAUWALL Wallpapers"},"image":{"@id":"https:\/\/baubauwall.com\/et\/#\/schema\/logo\/image\/"},"sameAs":["https:\/\/www.facebook.com\/Baubauwall","https:\/\/www.instagram.com\/baubauwall"]}]}},"jetpack_sharing_enabled":true,"_links":{"self":[{"href":"https:\/\/baubauwall.com\/et\/wp-json\/wp\/v2\/product\/8903","targetHints":{"allow":["GET"]}}],"collection":[{"href":"https:\/\/baubauwall.com\/et\/wp-json\/wp\/v2\/product"}],"about":[{"href":"https:\/\/baubauwall.com\/et\/wp-json\/wp\/v2\/types\/product"}],"replies":[{"embeddable":true,"href":"https:\/\/baubauwall.com\/et\/wp-json\/wp\/v2\/comments?post=8903"}],"wp:featuredmedia":[{"embeddable":true,"href":"https:\/\/baubauwall.com\/et\/wp-json\/wp\/v2\/media\/8886"}],"wp:attachment":[{"href":"https:\/\/baubauwall.com\/et\/wp-json\/wp\/v2\/media?parent=8903"}],"wp:term":[{"taxonomy":"product_brand","embeddable":true,"href":"https:\/\/baubauwall.com\/et\/wp-json\/wp\/v2\/product_brand?post=8903"},{"taxonomy":"product_cat","embeddable":true,"href":"https:\/\/baubauwall.com\/et\/wp-json\/wp\/v2\/product_cat?post=8903"},{"taxonomy":"product_tag","embeddable":true,"href":"https:\/\/baubauwall.com\/et\/wp-json\/wp\/v2\/product_tag?post=8903"}],"curies":[{"name":"wp","href":"https:\/\/api.w.org\/{rel}","templated":true}]}}