{"id":8996,"date":"2022-03-03T07:18:15","date_gmt":"2022-03-03T05:18:15","guid":{"rendered":"https:\/\/baubauwall.com\/product\/wallmural-its-raining-feathers-pastel\/"},"modified":"2022-11-23T11:46:48","modified_gmt":"2022-11-23T09:46:48","slug":"pilttapeet-kallis-valjas-sajab-pastelne","status":"publish","type":"product","link":"https:\/\/baubauwall.com\/et\/toode\/pilttapeet-kallis-valjas-sajab-pastelne\/","title":{"rendered":"Kallis, v\u00e4ljas sajab! &#8211; pastelne"},"content":{"rendered":"<p><a href=\"https:\/\/baubauwall.com\/et\/uudised\/uus-tapeedikollektsioon-ootamatud-peegeldused\/\" target=\"_blank\" rel=\"noopener\">Kollektsioon<\/a>\u00a0\u201dOotamatud peegeldused\u201d on lugu tapeetidest, mis r\u00e4\u00e4givad lugusid ootamatutest kordustest, eksootiliste elementide l\u00f5imumisest ning peegeldustest. Tapeedid, mis on t\u00e4is otsatuid avastusi, kus miski pole p\u00e4ris nii, nagu esmalt tundub. \u00dche nurga alt n\u00e4ed nii tuttavat faktuuri, teisalt v\u00f5ib see olla midagi hoopis muud.<\/p>\n<p>Pilttapeet \u201cKallis, v\u00e4ljas sajab\u201d on olemas ka tumehalli ja helehallina. Nagu k\u00f5ik meie tapeedid on ka see disain tr\u00fckitud keskkonnas\u00f5bralike v\u00e4rvidega hingavale, fliistapeedi materjalile. Sinu uus tapeet on l\u00f5igatud nummerdatud paanideks \u2013 t\u00e4pselt nii pikad, kui Sinu sein. Kuidas see t\u00f6\u00f6tab \u2013 loe l\u00e4hemalt<a href=\"https:\/\/baubauwall.com\/et\/kuidas-see-tootab\/\" target=\"_blank\" rel=\"noopener\">\u00a0siit.<\/a><\/p>\n<p>&nbsp;<\/p>\n<p>&nbsp;<\/p>\n","protected":false},"excerpt":{"rendered":"<p>Kollektsioon\u00a0\u201dOotamatud peegeldused\u201d on lugu tapeetidest, mis r\u00e4\u00e4givad lugusid ootamatutest kordustest, eksootiliste elementide l\u00f5imumisest ning peegeldustest. Tapeedid, mis on t\u00e4is otsatuid avastusi, kus miski pole p\u00e4ris nii, nagu esmalt tundub. \u00dche nurga alt n\u00e4ed nii tuttavat faktuuri, teisalt v\u00f5ib see olla midagi hoopis muud. Pilttapeet \u201cKallis, v\u00e4ljas sajab\u201d on olemas ka tumehalli ja helehallina. Nagu k\u00f5ik [&hellip;]<\/p>\n","protected":false},"featured_media":8991,"comment_status":"open","ping_status":"closed","template":"","meta":{"_acf_changed":false,"inline_featured_image":false},"product_brand":[],"product_cat":[538,387,404,265,273,276,278,413,414,415,416,399,401,402,699,254],"product_tag":[695,334,539,345,719],"class_list":{"0":"post-8996","1":"product","2":"type-product","3":"status-publish","4":"has-post-thumbnail","6":"product_cat-kollektsioon-2022-et","7":"product_cat-pilttapeedid","8":"product_cat-abstraktne","9":"product_cat-beezid-tapeedid","10":"product_cat-heledad-tapeedid","11":"product_cat-pastelsed-tapeedid","12":"product_cat-roosad-tapeedid","13":"product_cat-magamistoa-tapeedid","14":"product_cat-soogitoa-tapeedid","15":"product_cat-kulalistetoa-tapeedid","16":"product_cat-esiku-tapeedid","17":"product_cat-kodukontori-tapeedid","18":"product_cat-koogi-tapeedid","19":"product_cat-elutoa-tapeedid","20":"product_cat-eesti-disain-tapeedid","21":"product_cat-loodus","22":"product_tag-eesti-disain-tapeedid","23":"product_tag-japandi-et","24":"product_tag-ootamatud-peegeldused-et","25":"product_tag-pilttapeet","26":"product_tag-vaikne-luksus","27":"pa_designedby-triinu-silla","29":"first","30":"instock","31":"taxable","32":"shipping-taxable","33":"purchasable","34":"product-type-simple"},"acf":[],"yoast_head":"<!-- This site is optimized with the Yoast SEO plugin v25.9 - https:\/\/yoast.com\/wordpress\/plugins\/seo\/ -->\n<title>Disainer pilttapeet Kallis, sajab - pastelne. Autori kollektsiooni tapeedid<\/title>\n<meta name=\"description\" content=\"Eriline tapeetide kollektsioon Ootamatud peegeldused. Haruldane muster pastelsetes toonides. Ainulaadne pilttapeet. Fliistapeet.\" \/>\n<meta name=\"robots\" content=\"index, follow, max-snippet:-1, max-image-preview:large, max-video-preview:-1\" \/>\n<link rel=\"canonical\" href=\"https:\/\/baubauwall.com\/et\/toode\/pilttapeet-kallis-valjas-sajab-pastelne\/\" \/>\n<meta property=\"og:locale\" content=\"et_EE\" \/>\n<meta property=\"og:type\" content=\"article\" \/>\n<meta property=\"og:title\" content=\"Disainer pilttapeet Kallis, sajab - pastelne. Autori kollektsiooni tapeedid\" \/>\n<meta property=\"og:description\" content=\"Eriline tapeetide kollektsioon Ootamatud peegeldused. Haruldane muster pastelsetes toonides. Ainulaadne pilttapeet. Fliistapeet.\" \/>\n<meta property=\"og:url\" content=\"https:\/\/baubauwall.com\/et\/toode\/pilttapeet-kallis-valjas-sajab-pastelne\/\" \/>\n<meta property=\"og:site_name\" content=\"BAUBAUWALL TAPEEDID\" \/>\n<meta property=\"article:publisher\" content=\"https:\/\/www.facebook.com\/Baubauwall\" \/>\n<meta property=\"article:modified_time\" content=\"2022-11-23T09:46:48+00:00\" \/>\n<meta property=\"og:image\" content=\"https:\/\/baubauwall.com\/wp-content\/uploads\/2022\/03\/51200076_RainOnMe-pinkblue_KONTROLLIDA_Baubauwall_Wallmural_room5.jpg\" \/>\n\t<meta property=\"og:image:width\" content=\"800\" \/>\n\t<meta property=\"og:image:height\" content=\"800\" \/>\n\t<meta property=\"og:image:type\" content=\"image\/jpeg\" \/>\n<meta name=\"twitter:card\" content=\"summary_large_image\" \/>\n<meta name=\"twitter:label1\" content=\"Est. reading time\" \/>\n\t<meta name=\"twitter:data1\" content=\"1 minut\" \/>\n<script type=\"application\/ld+json\" class=\"yoast-schema-graph\">{\"@context\":\"https:\/\/schema.org\",\"@graph\":[{\"@type\":\"WebPage\",\"@id\":\"https:\/\/baubauwall.com\/et\/toode\/pilttapeet-kallis-valjas-sajab-pastelne\/\",\"url\":\"https:\/\/baubauwall.com\/et\/toode\/pilttapeet-kallis-valjas-sajab-pastelne\/\",\"name\":\"Disainer pilttapeet Kallis, sajab - pastelne. Autori kollektsiooni tapeedid\",\"isPartOf\":{\"@id\":\"https:\/\/baubauwall.com\/et\/#website\"},\"primaryImageOfPage\":{\"@id\":\"https:\/\/baubauwall.com\/et\/toode\/pilttapeet-kallis-valjas-sajab-pastelne\/#primaryimage\"},\"image\":{\"@id\":\"https:\/\/baubauwall.com\/et\/toode\/pilttapeet-kallis-valjas-sajab-pastelne\/#primaryimage\"},\"thumbnailUrl\":\"https:\/\/baubauwall.com\/wp-content\/uploads\/2022\/03\/51200076_RainOnMe-pinkblue_KONTROLLIDA_Baubauwall_Wallmural_room8.jpg\",\"datePublished\":\"2022-03-03T05:18:15+00:00\",\"dateModified\":\"2022-11-23T09:46:48+00:00\",\"description\":\"Eriline tapeetide kollektsioon Ootamatud peegeldused. Haruldane muster pastelsetes toonides. Ainulaadne pilttapeet. Fliistapeet.\",\"breadcrumb\":{\"@id\":\"https:\/\/baubauwall.com\/et\/toode\/pilttapeet-kallis-valjas-sajab-pastelne\/#breadcrumb\"},\"inLanguage\":\"et\",\"potentialAction\":[{\"@type\":\"ReadAction\",\"target\":[\"https:\/\/baubauwall.com\/et\/toode\/pilttapeet-kallis-valjas-sajab-pastelne\/\"]}]},{\"@type\":\"ImageObject\",\"inLanguage\":\"et\",\"@id\":\"https:\/\/baubauwall.com\/et\/toode\/pilttapeet-kallis-valjas-sajab-pastelne\/#primaryimage\",\"url\":\"https:\/\/baubauwall.com\/wp-content\/uploads\/2022\/03\/51200076_RainOnMe-pinkblue_KONTROLLIDA_Baubauwall_Wallmural_room8.jpg\",\"contentUrl\":\"https:\/\/baubauwall.com\/wp-content\/uploads\/2022\/03\/51200076_RainOnMe-pinkblue_KONTROLLIDA_Baubauwall_Wallmural_room8.jpg\",\"width\":609,\"height\":800},{\"@type\":\"BreadcrumbList\",\"@id\":\"https:\/\/baubauwall.com\/et\/toode\/pilttapeet-kallis-valjas-sajab-pastelne\/#breadcrumb\",\"itemListElement\":[{\"@type\":\"ListItem\",\"position\":1,\"name\":\"Koju\",\"item\":\"https:\/\/baubauwall.com\/et\/\"},{\"@type\":\"ListItem\",\"position\":2,\"name\":\"Tapeedid\",\"item\":\"https:\/\/baubauwall.com\/et\/tapeedid\/\"},{\"@type\":\"ListItem\",\"position\":3,\"name\":\"Kallis, v\u00e4ljas sajab! &#8211; pastelne\"}]},{\"@type\":\"WebSite\",\"@id\":\"https:\/\/baubauwall.com\/et\/#website\",\"url\":\"https:\/\/baubauwall.com\/et\/\",\"name\":\"BAUBAUWALL Wallpapers\",\"description\":\"Valmis paanides tapeet Eestist!\",\"publisher\":{\"@id\":\"https:\/\/baubauwall.com\/et\/#organization\"},\"potentialAction\":[{\"@type\":\"SearchAction\",\"target\":{\"@type\":\"EntryPoint\",\"urlTemplate\":\"https:\/\/baubauwall.com\/et\/?s={search_term_string}\"},\"query-input\":{\"@type\":\"PropertyValueSpecification\",\"valueRequired\":true,\"valueName\":\"search_term_string\"}}],\"inLanguage\":\"et\"},{\"@type\":\"Organization\",\"@id\":\"https:\/\/baubauwall.com\/et\/#organization\",\"name\":\"BAUBAUWALL Wallpapers\",\"url\":\"https:\/\/baubauwall.com\/et\/\",\"logo\":{\"@type\":\"ImageObject\",\"inLanguage\":\"et\",\"@id\":\"https:\/\/baubauwall.com\/et\/#\/schema\/logo\/image\/\",\"url\":\"https:\/\/baubauwall.com\/wp-content\/uploads\/2022\/03\/logo-horizontal.svg\",\"contentUrl\":\"https:\/\/baubauwall.com\/wp-content\/uploads\/2022\/03\/logo-horizontal.svg\",\"width\":\"1024\",\"height\":\"1024\",\"caption\":\"BAUBAUWALL Wallpapers\"},\"image\":{\"@id\":\"https:\/\/baubauwall.com\/et\/#\/schema\/logo\/image\/\"},\"sameAs\":[\"https:\/\/www.facebook.com\/Baubauwall\",\"https:\/\/www.instagram.com\/baubauwall\"]}]}<\/script>\n<!-- \/ Yoast SEO plugin. -->","yoast_head_json":{"title":"Disainer pilttapeet Kallis, sajab - pastelne. Autori kollektsiooni tapeedid","description":"Eriline tapeetide kollektsioon Ootamatud peegeldused. Haruldane muster pastelsetes toonides. Ainulaadne pilttapeet. Fliistapeet.","robots":{"index":"index","follow":"follow","max-snippet":"max-snippet:-1","max-image-preview":"max-image-preview:large","max-video-preview":"max-video-preview:-1"},"canonical":"https:\/\/baubauwall.com\/et\/toode\/pilttapeet-kallis-valjas-sajab-pastelne\/","og_locale":"et_EE","og_type":"article","og_title":"Disainer pilttapeet Kallis, sajab - pastelne. Autori kollektsiooni tapeedid","og_description":"Eriline tapeetide kollektsioon Ootamatud peegeldused. Haruldane muster pastelsetes toonides. Ainulaadne pilttapeet. Fliistapeet.","og_url":"https:\/\/baubauwall.com\/et\/toode\/pilttapeet-kallis-valjas-sajab-pastelne\/","og_site_name":"BAUBAUWALL TAPEEDID","article_publisher":"https:\/\/www.facebook.com\/Baubauwall","article_modified_time":"2022-11-23T09:46:48+00:00","og_image":[{"width":800,"height":800,"url":"https:\/\/baubauwall.com\/wp-content\/uploads\/2022\/03\/51200076_RainOnMe-pinkblue_KONTROLLIDA_Baubauwall_Wallmural_room5.jpg","type":"image\/jpeg"}],"twitter_card":"summary_large_image","twitter_misc":{"Est. reading time":"1 minut"},"schema":{"@context":"https:\/\/schema.org","@graph":[{"@type":"WebPage","@id":"https:\/\/baubauwall.com\/et\/toode\/pilttapeet-kallis-valjas-sajab-pastelne\/","url":"https:\/\/baubauwall.com\/et\/toode\/pilttapeet-kallis-valjas-sajab-pastelne\/","name":"Disainer pilttapeet Kallis, sajab - pastelne. Autori kollektsiooni tapeedid","isPartOf":{"@id":"https:\/\/baubauwall.com\/et\/#website"},"primaryImageOfPage":{"@id":"https:\/\/baubauwall.com\/et\/toode\/pilttapeet-kallis-valjas-sajab-pastelne\/#primaryimage"},"image":{"@id":"https:\/\/baubauwall.com\/et\/toode\/pilttapeet-kallis-valjas-sajab-pastelne\/#primaryimage"},"thumbnailUrl":"https:\/\/baubauwall.com\/wp-content\/uploads\/2022\/03\/51200076_RainOnMe-pinkblue_KONTROLLIDA_Baubauwall_Wallmural_room8.jpg","datePublished":"2022-03-03T05:18:15+00:00","dateModified":"2022-11-23T09:46:48+00:00","description":"Eriline tapeetide kollektsioon Ootamatud peegeldused. Haruldane muster pastelsetes toonides. Ainulaadne pilttapeet. Fliistapeet.","breadcrumb":{"@id":"https:\/\/baubauwall.com\/et\/toode\/pilttapeet-kallis-valjas-sajab-pastelne\/#breadcrumb"},"inLanguage":"et","potentialAction":[{"@type":"ReadAction","target":["https:\/\/baubauwall.com\/et\/toode\/pilttapeet-kallis-valjas-sajab-pastelne\/"]}]},{"@type":"ImageObject","inLanguage":"et","@id":"https:\/\/baubauwall.com\/et\/toode\/pilttapeet-kallis-valjas-sajab-pastelne\/#primaryimage","url":"https:\/\/baubauwall.com\/wp-content\/uploads\/2022\/03\/51200076_RainOnMe-pinkblue_KONTROLLIDA_Baubauwall_Wallmural_room8.jpg","contentUrl":"https:\/\/baubauwall.com\/wp-content\/uploads\/2022\/03\/51200076_RainOnMe-pinkblue_KONTROLLIDA_Baubauwall_Wallmural_room8.jpg","width":609,"height":800},{"@type":"BreadcrumbList","@id":"https:\/\/baubauwall.com\/et\/toode\/pilttapeet-kallis-valjas-sajab-pastelne\/#breadcrumb","itemListElement":[{"@type":"ListItem","position":1,"name":"Koju","item":"https:\/\/baubauwall.com\/et\/"},{"@type":"ListItem","position":2,"name":"Tapeedid","item":"https:\/\/baubauwall.com\/et\/tapeedid\/"},{"@type":"ListItem","position":3,"name":"Kallis, v\u00e4ljas sajab! &#8211; pastelne"}]},{"@type":"WebSite","@id":"https:\/\/baubauwall.com\/et\/#website","url":"https:\/\/baubauwall.com\/et\/","name":"BAUBAUWALL Wallpapers","description":"Valmis paanides tapeet Eestist!","publisher":{"@id":"https:\/\/baubauwall.com\/et\/#organization"},"potentialAction":[{"@type":"SearchAction","target":{"@type":"EntryPoint","urlTemplate":"https:\/\/baubauwall.com\/et\/?s={search_term_string}"},"query-input":{"@type":"PropertyValueSpecification","valueRequired":true,"valueName":"search_term_string"}}],"inLanguage":"et"},{"@type":"Organization","@id":"https:\/\/baubauwall.com\/et\/#organization","name":"BAUBAUWALL Wallpapers","url":"https:\/\/baubauwall.com\/et\/","logo":{"@type":"ImageObject","inLanguage":"et","@id":"https:\/\/baubauwall.com\/et\/#\/schema\/logo\/image\/","url":"https:\/\/baubauwall.com\/wp-content\/uploads\/2022\/03\/logo-horizontal.svg","contentUrl":"https:\/\/baubauwall.com\/wp-content\/uploads\/2022\/03\/logo-horizontal.svg","width":"1024","height":"1024","caption":"BAUBAUWALL Wallpapers"},"image":{"@id":"https:\/\/baubauwall.com\/et\/#\/schema\/logo\/image\/"},"sameAs":["https:\/\/www.facebook.com\/Baubauwall","https:\/\/www.instagram.com\/baubauwall"]}]}},"jetpack_sharing_enabled":true,"_links":{"self":[{"href":"https:\/\/baubauwall.com\/et\/wp-json\/wp\/v2\/product\/8996","targetHints":{"allow":["GET"]}}],"collection":[{"href":"https:\/\/baubauwall.com\/et\/wp-json\/wp\/v2\/product"}],"about":[{"href":"https:\/\/baubauwall.com\/et\/wp-json\/wp\/v2\/types\/product"}],"replies":[{"embeddable":true,"href":"https:\/\/baubauwall.com\/et\/wp-json\/wp\/v2\/comments?post=8996"}],"wp:featuredmedia":[{"embeddable":true,"href":"https:\/\/baubauwall.com\/et\/wp-json\/wp\/v2\/media\/8991"}],"wp:attachment":[{"href":"https:\/\/baubauwall.com\/et\/wp-json\/wp\/v2\/media?parent=8996"}],"wp:term":[{"taxonomy":"product_brand","embeddable":true,"href":"https:\/\/baubauwall.com\/et\/wp-json\/wp\/v2\/product_brand?post=8996"},{"taxonomy":"product_cat","embeddable":true,"href":"https:\/\/baubauwall.com\/et\/wp-json\/wp\/v2\/product_cat?post=8996"},{"taxonomy":"product_tag","embeddable":true,"href":"https:\/\/baubauwall.com\/et\/wp-json\/wp\/v2\/product_tag?post=8996"}],"curies":[{"name":"wp","href":"https:\/\/api.w.org\/{rel}","templated":true}]}}