{"id":9202,"date":"2022-03-03T09:18:16","date_gmt":"2022-03-03T07:18:16","guid":{"rendered":"https:\/\/baubauwall.com\/product\/wall-mural-patchwork-squares-blue-grey\/"},"modified":"2022-06-10T14:33:44","modified_gmt":"2022-06-10T12:33:44","slug":"pilttapeet-merekihid-sinine","status":"publish","type":"product","link":"https:\/\/baubauwall.com\/et\/toode\/pilttapeet-merekihid-sinine\/","title":{"rendered":"Merekihid &#8211; sinine"},"content":{"rendered":"<p>Meri on t\u00e4is k\u00fcmneid erinevaid siniseid-rohelisi v\u00e4rvivarjundeid ja on l\u00f5putute lugude inspiratsiooniallikas. Merelained tulevad ja l\u00e4hevad, m\u00f5\u00f5n paljastab ja varjab, meres\u00fcgavused varjavad m\u00f6\u00f6dunud aegade saladusi. Pilttapeet Merekihid j\u00e4\u00e4dvustabki mere oma mitmete kihtidega. V\u00f5i ehk hoopis paljastab end kiht kihi haaval? Suurejooneline pilttapeedi disain, mis j\u00e4tab t\u00f5lgendamise teie kujutlusv\u00f5ime hooleks.<\/p>\n<p>Pilttapeet Merekihid on saadaval ka rooste ning sinise &amp; bee\u017ei v\u00e4rvitoonides.<\/p>\n<p><a href=\"https:\/\/baubauwall.com\/et\/uudised\/uus-tapeedikollektsioon-ootamatud-peegeldused\/\" target=\"_blank\" rel=\"noopener\">\u201eOotamatud peegeldused\u201c<\/a> kollektsiooni tapeedid on t\u00e4is otsatuid avastusi, kus miski pole p\u00e4ris nii, nagu esmalt tundub. \u00dche nurga alt n\u00e4ed nii tuttavat faktuuri, teisalt v\u00f5ib see olla midagi hoopis muud.<\/p>\n","protected":false},"excerpt":{"rendered":"<p>Meri on t\u00e4is k\u00fcmneid erinevaid siniseid-rohelisi v\u00e4rvivarjundeid ja on l\u00f5putute lugude inspiratsiooniallikas. Merelained tulevad ja l\u00e4hevad, m\u00f5\u00f5n paljastab ja varjab, meres\u00fcgavused varjavad m\u00f6\u00f6dunud aegade saladusi. Pilttapeet Merekihid j\u00e4\u00e4dvustabki mere oma mitmete kihtidega. V\u00f5i ehk hoopis paljastab end kiht kihi haaval? Suurejooneline pilttapeedi disain, mis j\u00e4tab t\u00f5lgendamise teie kujutlusv\u00f5ime hooleks. Pilttapeet Merekihid on saadaval ka rooste [&hellip;]<\/p>\n","protected":false},"featured_media":9184,"comment_status":"open","ping_status":"closed","template":"","meta":{"_acf_changed":false,"inline_featured_image":false},"product_brand":[],"product_cat":[538,387,404,447,267,752,413,414,415,402,412,699,252],"product_tag":[695,539,345],"class_list":{"0":"post-9202","1":"product","2":"type-product","3":"status-publish","4":"has-post-thumbnail","6":"product_cat-kollektsioon-2022-et","7":"product_cat-pilttapeedid","8":"product_cat-abstraktne","9":"product_cat-maksimalistlik-et","10":"product_cat-sinised-tapeedid","11":"product_cat-avalik-ruum","12":"product_cat-magamistoa-tapeedid","13":"product_cat-soogitoa-tapeedid","14":"product_cat-kulalistetoa-tapeedid","15":"product_cat-elutoa-tapeedid","16":"product_cat-vannitoa-tapeedid","17":"product_cat-eesti-disain-tapeedid","18":"product_cat-ookean-meri","19":"product_tag-eesti-disain-tapeedid","20":"product_tag-ootamatud-peegeldused-et","21":"product_tag-pilttapeet","22":"pa_designedby-triinu-silla","24":"first","25":"instock","26":"taxable","27":"shipping-taxable","28":"purchasable","29":"product-type-simple"},"acf":[],"yoast_head":"<!-- This site is optimized with the Yoast SEO plugin v25.9 - https:\/\/yoast.com\/wordpress\/plugins\/seo\/ -->\n<title>Disaintapeet Sinised Merekihid. Ootamatud peegeldused kollektsioon<\/title>\n<meta name=\"description\" content=\"Pilttapeet Merelained. Uus tapeedikollektsioon eriliste disainidega. Keskkonnas\u00f5bralikud fliistapeedid, sinu seina m\u00f5\u00f5tu paanid.\" \/>\n<meta name=\"robots\" content=\"index, follow, max-snippet:-1, max-image-preview:large, max-video-preview:-1\" \/>\n<link rel=\"canonical\" href=\"https:\/\/baubauwall.com\/et\/toode\/pilttapeet-merekihid-sinine\/\" \/>\n<meta property=\"og:locale\" content=\"et_EE\" \/>\n<meta property=\"og:type\" content=\"article\" \/>\n<meta property=\"og:title\" content=\"Disaintapeet Sinised Merekihid. Ootamatud peegeldused kollektsioon\" \/>\n<meta property=\"og:description\" content=\"Pilttapeet Merelained. Uus tapeedikollektsioon eriliste disainidega. Keskkonnas\u00f5bralikud fliistapeedid, sinu seina m\u00f5\u00f5tu paanid.\" \/>\n<meta property=\"og:url\" content=\"https:\/\/baubauwall.com\/et\/toode\/pilttapeet-merekihid-sinine\/\" \/>\n<meta property=\"og:site_name\" content=\"BAUBAUWALL Wallpapers\" \/>\n<meta property=\"article:publisher\" content=\"https:\/\/www.facebook.com\/Baubauwall\" \/>\n<meta property=\"article:modified_time\" content=\"2022-06-10T12:33:44+00:00\" \/>\n<meta property=\"og:image\" content=\"https:\/\/baubauwall.com\/wp-content\/uploads\/2022\/03\/51200078_Patchwork-bluegrey_Baubauwall_Wallmural_room1.jpg\" \/>\n\t<meta property=\"og:image:width\" content=\"1068\" \/>\n\t<meta property=\"og:image:height\" content=\"800\" \/>\n\t<meta property=\"og:image:type\" content=\"image\/jpeg\" \/>\n<meta name=\"twitter:card\" content=\"summary_large_image\" \/>\n<meta name=\"twitter:label1\" content=\"Est. reading time\" \/>\n\t<meta name=\"twitter:data1\" content=\"1 minut\" \/>\n<script type=\"application\/ld+json\" class=\"yoast-schema-graph\">{\"@context\":\"https:\/\/schema.org\",\"@graph\":[{\"@type\":\"WebPage\",\"@id\":\"https:\/\/baubauwall.com\/et\/toode\/pilttapeet-merekihid-sinine\/\",\"url\":\"https:\/\/baubauwall.com\/et\/toode\/pilttapeet-merekihid-sinine\/\",\"name\":\"Disaintapeet Sinised Merekihid. Ootamatud peegeldused kollektsioon\",\"isPartOf\":{\"@id\":\"https:\/\/baubauwall.com\/et\/#website\"},\"primaryImageOfPage\":{\"@id\":\"https:\/\/baubauwall.com\/et\/toode\/pilttapeet-merekihid-sinine\/#primaryimage\"},\"image\":{\"@id\":\"https:\/\/baubauwall.com\/et\/toode\/pilttapeet-merekihid-sinine\/#primaryimage\"},\"thumbnailUrl\":\"https:\/\/baubauwall.com\/wp-content\/uploads\/2022\/03\/51200078_Patchwork-bluegrey_Baubauwall_Wallmural_room1.jpg\",\"datePublished\":\"2022-03-03T07:18:16+00:00\",\"dateModified\":\"2022-06-10T12:33:44+00:00\",\"description\":\"Pilttapeet Merelained. Uus tapeedikollektsioon eriliste disainidega. Keskkonnas\u00f5bralikud fliistapeedid, sinu seina m\u00f5\u00f5tu paanid.\",\"breadcrumb\":{\"@id\":\"https:\/\/baubauwall.com\/et\/toode\/pilttapeet-merekihid-sinine\/#breadcrumb\"},\"inLanguage\":\"et\",\"potentialAction\":[{\"@type\":\"ReadAction\",\"target\":[\"https:\/\/baubauwall.com\/et\/toode\/pilttapeet-merekihid-sinine\/\"]}]},{\"@type\":\"ImageObject\",\"inLanguage\":\"et\",\"@id\":\"https:\/\/baubauwall.com\/et\/toode\/pilttapeet-merekihid-sinine\/#primaryimage\",\"url\":\"https:\/\/baubauwall.com\/wp-content\/uploads\/2022\/03\/51200078_Patchwork-bluegrey_Baubauwall_Wallmural_room1.jpg\",\"contentUrl\":\"https:\/\/baubauwall.com\/wp-content\/uploads\/2022\/03\/51200078_Patchwork-bluegrey_Baubauwall_Wallmural_room1.jpg\",\"width\":1068,\"height\":800,\"caption\":\"wall mural design baubauwall patchwork concept\"},{\"@type\":\"BreadcrumbList\",\"@id\":\"https:\/\/baubauwall.com\/et\/toode\/pilttapeet-merekihid-sinine\/#breadcrumb\",\"itemListElement\":[{\"@type\":\"ListItem\",\"position\":1,\"name\":\"Koju\",\"item\":\"https:\/\/baubauwall.com\/et\/\"},{\"@type\":\"ListItem\",\"position\":2,\"name\":\"Tapeedid\",\"item\":\"https:\/\/baubauwall.com\/et\/tapeedid\/\"},{\"@type\":\"ListItem\",\"position\":3,\"name\":\"Merekihid &#8211; sinine\"}]},{\"@type\":\"WebSite\",\"@id\":\"https:\/\/baubauwall.com\/et\/#website\",\"url\":\"https:\/\/baubauwall.com\/et\/\",\"name\":\"BAUBAUWALL Wallpapers\",\"description\":\"Valmis paanides tapeet Eestist!\",\"publisher\":{\"@id\":\"https:\/\/baubauwall.com\/et\/#organization\"},\"potentialAction\":[{\"@type\":\"SearchAction\",\"target\":{\"@type\":\"EntryPoint\",\"urlTemplate\":\"https:\/\/baubauwall.com\/et\/?s={search_term_string}\"},\"query-input\":{\"@type\":\"PropertyValueSpecification\",\"valueRequired\":true,\"valueName\":\"search_term_string\"}}],\"inLanguage\":\"et\"},{\"@type\":\"Organization\",\"@id\":\"https:\/\/baubauwall.com\/et\/#organization\",\"name\":\"BAUBAUWALL Wallpapers\",\"url\":\"https:\/\/baubauwall.com\/et\/\",\"logo\":{\"@type\":\"ImageObject\",\"inLanguage\":\"et\",\"@id\":\"https:\/\/baubauwall.com\/et\/#\/schema\/logo\/image\/\",\"url\":\"https:\/\/baubauwall.com\/wp-content\/uploads\/2022\/03\/logo-horizontal.svg\",\"contentUrl\":\"https:\/\/baubauwall.com\/wp-content\/uploads\/2022\/03\/logo-horizontal.svg\",\"width\":\"1024\",\"height\":\"1024\",\"caption\":\"BAUBAUWALL Wallpapers\"},\"image\":{\"@id\":\"https:\/\/baubauwall.com\/et\/#\/schema\/logo\/image\/\"},\"sameAs\":[\"https:\/\/www.facebook.com\/Baubauwall\",\"https:\/\/www.instagram.com\/baubauwall\"]}]}<\/script>\n<!-- \/ Yoast SEO plugin. -->","yoast_head_json":{"title":"Disaintapeet Sinised Merekihid. Ootamatud peegeldused kollektsioon","description":"Pilttapeet Merelained. Uus tapeedikollektsioon eriliste disainidega. Keskkonnas\u00f5bralikud fliistapeedid, sinu seina m\u00f5\u00f5tu paanid.","robots":{"index":"index","follow":"follow","max-snippet":"max-snippet:-1","max-image-preview":"max-image-preview:large","max-video-preview":"max-video-preview:-1"},"canonical":"https:\/\/baubauwall.com\/et\/toode\/pilttapeet-merekihid-sinine\/","og_locale":"et_EE","og_type":"article","og_title":"Disaintapeet Sinised Merekihid. Ootamatud peegeldused kollektsioon","og_description":"Pilttapeet Merelained. Uus tapeedikollektsioon eriliste disainidega. Keskkonnas\u00f5bralikud fliistapeedid, sinu seina m\u00f5\u00f5tu paanid.","og_url":"https:\/\/baubauwall.com\/et\/toode\/pilttapeet-merekihid-sinine\/","og_site_name":"BAUBAUWALL Wallpapers","article_publisher":"https:\/\/www.facebook.com\/Baubauwall","article_modified_time":"2022-06-10T12:33:44+00:00","og_image":[{"width":1068,"height":800,"url":"https:\/\/baubauwall.com\/wp-content\/uploads\/2022\/03\/51200078_Patchwork-bluegrey_Baubauwall_Wallmural_room1.jpg","type":"image\/jpeg"}],"twitter_card":"summary_large_image","twitter_misc":{"Est. reading time":"1 minut"},"schema":{"@context":"https:\/\/schema.org","@graph":[{"@type":"WebPage","@id":"https:\/\/baubauwall.com\/et\/toode\/pilttapeet-merekihid-sinine\/","url":"https:\/\/baubauwall.com\/et\/toode\/pilttapeet-merekihid-sinine\/","name":"Disaintapeet Sinised Merekihid. Ootamatud peegeldused kollektsioon","isPartOf":{"@id":"https:\/\/baubauwall.com\/et\/#website"},"primaryImageOfPage":{"@id":"https:\/\/baubauwall.com\/et\/toode\/pilttapeet-merekihid-sinine\/#primaryimage"},"image":{"@id":"https:\/\/baubauwall.com\/et\/toode\/pilttapeet-merekihid-sinine\/#primaryimage"},"thumbnailUrl":"https:\/\/baubauwall.com\/wp-content\/uploads\/2022\/03\/51200078_Patchwork-bluegrey_Baubauwall_Wallmural_room1.jpg","datePublished":"2022-03-03T07:18:16+00:00","dateModified":"2022-06-10T12:33:44+00:00","description":"Pilttapeet Merelained. Uus tapeedikollektsioon eriliste disainidega. Keskkonnas\u00f5bralikud fliistapeedid, sinu seina m\u00f5\u00f5tu paanid.","breadcrumb":{"@id":"https:\/\/baubauwall.com\/et\/toode\/pilttapeet-merekihid-sinine\/#breadcrumb"},"inLanguage":"et","potentialAction":[{"@type":"ReadAction","target":["https:\/\/baubauwall.com\/et\/toode\/pilttapeet-merekihid-sinine\/"]}]},{"@type":"ImageObject","inLanguage":"et","@id":"https:\/\/baubauwall.com\/et\/toode\/pilttapeet-merekihid-sinine\/#primaryimage","url":"https:\/\/baubauwall.com\/wp-content\/uploads\/2022\/03\/51200078_Patchwork-bluegrey_Baubauwall_Wallmural_room1.jpg","contentUrl":"https:\/\/baubauwall.com\/wp-content\/uploads\/2022\/03\/51200078_Patchwork-bluegrey_Baubauwall_Wallmural_room1.jpg","width":1068,"height":800,"caption":"wall mural design baubauwall patchwork concept"},{"@type":"BreadcrumbList","@id":"https:\/\/baubauwall.com\/et\/toode\/pilttapeet-merekihid-sinine\/#breadcrumb","itemListElement":[{"@type":"ListItem","position":1,"name":"Koju","item":"https:\/\/baubauwall.com\/et\/"},{"@type":"ListItem","position":2,"name":"Tapeedid","item":"https:\/\/baubauwall.com\/et\/tapeedid\/"},{"@type":"ListItem","position":3,"name":"Merekihid &#8211; sinine"}]},{"@type":"WebSite","@id":"https:\/\/baubauwall.com\/et\/#website","url":"https:\/\/baubauwall.com\/et\/","name":"BAUBAUWALL Wallpapers","description":"Valmis paanides tapeet Eestist!","publisher":{"@id":"https:\/\/baubauwall.com\/et\/#organization"},"potentialAction":[{"@type":"SearchAction","target":{"@type":"EntryPoint","urlTemplate":"https:\/\/baubauwall.com\/et\/?s={search_term_string}"},"query-input":{"@type":"PropertyValueSpecification","valueRequired":true,"valueName":"search_term_string"}}],"inLanguage":"et"},{"@type":"Organization","@id":"https:\/\/baubauwall.com\/et\/#organization","name":"BAUBAUWALL Wallpapers","url":"https:\/\/baubauwall.com\/et\/","logo":{"@type":"ImageObject","inLanguage":"et","@id":"https:\/\/baubauwall.com\/et\/#\/schema\/logo\/image\/","url":"https:\/\/baubauwall.com\/wp-content\/uploads\/2022\/03\/logo-horizontal.svg","contentUrl":"https:\/\/baubauwall.com\/wp-content\/uploads\/2022\/03\/logo-horizontal.svg","width":"1024","height":"1024","caption":"BAUBAUWALL Wallpapers"},"image":{"@id":"https:\/\/baubauwall.com\/et\/#\/schema\/logo\/image\/"},"sameAs":["https:\/\/www.facebook.com\/Baubauwall","https:\/\/www.instagram.com\/baubauwall"]}]}},"jetpack_sharing_enabled":true,"_links":{"self":[{"href":"https:\/\/baubauwall.com\/et\/wp-json\/wp\/v2\/product\/9202","targetHints":{"allow":["GET"]}}],"collection":[{"href":"https:\/\/baubauwall.com\/et\/wp-json\/wp\/v2\/product"}],"about":[{"href":"https:\/\/baubauwall.com\/et\/wp-json\/wp\/v2\/types\/product"}],"replies":[{"embeddable":true,"href":"https:\/\/baubauwall.com\/et\/wp-json\/wp\/v2\/comments?post=9202"}],"wp:featuredmedia":[{"embeddable":true,"href":"https:\/\/baubauwall.com\/et\/wp-json\/wp\/v2\/media\/9184"}],"wp:attachment":[{"href":"https:\/\/baubauwall.com\/et\/wp-json\/wp\/v2\/media?parent=9202"}],"wp:term":[{"taxonomy":"product_brand","embeddable":true,"href":"https:\/\/baubauwall.com\/et\/wp-json\/wp\/v2\/product_brand?post=9202"},{"taxonomy":"product_cat","embeddable":true,"href":"https:\/\/baubauwall.com\/et\/wp-json\/wp\/v2\/product_cat?post=9202"},{"taxonomy":"product_tag","embeddable":true,"href":"https:\/\/baubauwall.com\/et\/wp-json\/wp\/v2\/product_tag?post=9202"}],"curies":[{"name":"wp","href":"https:\/\/api.w.org\/{rel}","templated":true}]}}