{"id":9300,"date":"2022-04-26T12:50:26","date_gmt":"2022-04-26T10:50:26","guid":{"rendered":"https:\/\/baubauwall.com\/product\/midnight-garden-wallpaper\/"},"modified":"2025-01-22T15:19:04","modified_gmt":"2025-01-22T13:19:04","slug":"oine-aed-tapeet","status":"publish","type":"product","link":"https:\/\/baubauwall.com\/et\/toode\/oine-aed-tapeet\/","title":{"rendered":"\u00d6ine aed"},"content":{"rendered":"<p>See klassikaline tapeet lehtede ja lilledega t\u00e4idab Sinu interj\u00f6\u00f6ri elegantsete tumedate toonidega! Taimede ja lillede harmooniline kombinatsioon on ajatu valik koju. Kordusmustriga tapeet sobib \u00fchtviisi h\u00e4sti nii toa mitmele seinale v\u00f5i vaid \u00fchte seina kaunistama. Kasuta seda tapeeti n\u00e4iteks magamistoa seinal ja sobita juurde tumesinised tekstiilid.<\/p>\n<p><strong>Miks valida tapeet Baubauwallist? Sest me teeme tapeedi valimise, ostmise ja paigalduse lihtsaks.\u00a0<\/strong><\/p>\n<ul>\n<li>Eesti disain, Eesti ettev\u00f5te<\/li>\n<li>Tr\u00fckime t\u00e4pselt Sinu seina m\u00f5\u00f5dus tapeedi<\/li>\n<li>Just nii pikad tapeedipaanid, kui on Sinu sein<\/li>\n<li>Premium, matt fliistapeedi materjal, 100% taaskasutatud kiust<\/li>\n<li>M\u00fcrgivabad tr\u00fckiv\u00e4rvid, Greenguard sertifitseeritud<\/li>\n<li>Keskkonnas\u00f5bralik, j\u00e4\u00e4tmevaba tapeetimine<\/li>\n<li>Tasuta tapeediliim<\/li>\n<li>Tasuta transport ja kiire tarne 5 t\u00f6\u00f6p\u00e4evaga<\/li>\n<\/ul>\n<p>Loe l\u00e4hemalt nutikatest, eritellimust\u00f6\u00f6na valmivatest tapeetidest\u00a0<a href=\"https:\/\/baubauwall.com\/et\/keskkonnasobralikud-tapeedid\/\">siit.<\/a><\/p>\n","protected":false},"excerpt":{"rendered":"<p>See klassikaline tapeet lehtede ja lilledega t\u00e4idab Sinu interj\u00f6\u00f6ri elegantsete tumedate toonidega! Taimede ja lillede harmooniline kombinatsioon on ajatu valik koju. Kordusmustriga tapeet sobib \u00fchtviisi h\u00e4sti nii toa mitmele seinale v\u00f5i vaid \u00fchte seina kaunistama. Kasuta seda tapeeti n\u00e4iteks magamistoa seinal ja sobita juurde tumesinised tekstiilid. Miks valida tapeet Baubauwallist? Sest me teeme tapeedi valimise, [&hellip;]<\/p>\n","protected":false},"featured_media":9297,"comment_status":"open","ping_status":"closed","template":"","meta":{"_acf_changed":false,"inline_featured_image":false},"product_brand":[],"product_cat":[386,447,267,270,413,414,415,416,399,402,254,260,715],"product_tag":[298],"class_list":{"0":"post-9300","1":"product","2":"type-product","3":"status-publish","4":"has-post-thumbnail","6":"product_cat-kordusmustriga-tapeedid","7":"product_cat-maksimalistlik-et","8":"product_cat-sinised-tapeedid","9":"product_cat-tumedad-tapeedid","10":"product_cat-magamistoa-tapeedid","11":"product_cat-soogitoa-tapeedid","12":"product_cat-kulalistetoa-tapeedid","13":"product_cat-esiku-tapeedid","14":"product_cat-kodukontori-tapeedid","15":"product_cat-elutoa-tapeedid","16":"product_cat-loodus","17":"product_cat-lilled","18":"product_cat-soodsad-tapeedid-leiunurk","19":"product_tag-botaaniline","20":"pa_designedby-baubauwall","22":"first","23":"instock","24":"sale","25":"taxable","26":"shipping-taxable","27":"purchasable","28":"product-type-simple"},"acf":[],"yoast_head":"<!-- This site is optimized with the Yoast SEO plugin v25.9 - https:\/\/yoast.com\/wordpress\/plugins\/seo\/ -->\n<title>Tume tapeet lehtede ja lilledega. R\u00e4tsepat\u00f6\u00f6na valmivad tapeedid.<\/title>\n<meta name=\"description\" content=\"Tume tapeet tumedal taustal lillede ja lehtede mustriga. Sinu seina m\u00f5\u00f5tu l\u00f5igatud keskkonnas\u00f5bralikud tapeedid. Nutikas tapeedivalik.\" \/>\n<meta name=\"robots\" content=\"index, follow, max-snippet:-1, max-image-preview:large, max-video-preview:-1\" \/>\n<link rel=\"canonical\" href=\"https:\/\/baubauwall.com\/et\/toode\/oine-aed-tapeet\/\" \/>\n<meta property=\"og:locale\" content=\"et_EE\" \/>\n<meta property=\"og:type\" content=\"article\" \/>\n<meta property=\"og:title\" content=\"Tume tapeet lehtede ja lilledega. R\u00e4tsepat\u00f6\u00f6na valmivad tapeedid.\" \/>\n<meta property=\"og:description\" content=\"Tume tapeet tumedal taustal lillede ja lehtede mustriga. Sinu seina m\u00f5\u00f5tu l\u00f5igatud keskkonnas\u00f5bralikud tapeedid. Nutikas tapeedivalik.\" \/>\n<meta property=\"og:url\" content=\"https:\/\/baubauwall.com\/et\/toode\/oine-aed-tapeet\/\" \/>\n<meta property=\"og:site_name\" content=\"BAUBAUWALL TAPEEDID\" \/>\n<meta property=\"article:publisher\" content=\"https:\/\/www.facebook.com\/Baubauwall\" \/>\n<meta property=\"article:modified_time\" content=\"2025-01-22T13:19:04+00:00\" \/>\n<meta property=\"og:image\" content=\"https:\/\/baubauwall.com\/wp-content\/uploads\/2022\/04\/51100200_Midnight_Garden_Baubauwall_Wallpaper_room2-10.jpg\" \/>\n\t<meta property=\"og:image:width\" content=\"897\" \/>\n\t<meta property=\"og:image:height\" content=\"800\" \/>\n\t<meta property=\"og:image:type\" content=\"image\/jpeg\" \/>\n<meta name=\"twitter:card\" content=\"summary_large_image\" \/>\n<meta name=\"twitter:label1\" content=\"Est. reading time\" \/>\n\t<meta name=\"twitter:data1\" content=\"1 minut\" \/>\n<script type=\"application\/ld+json\" class=\"yoast-schema-graph\">{\"@context\":\"https:\/\/schema.org\",\"@graph\":[{\"@type\":\"WebPage\",\"@id\":\"https:\/\/baubauwall.com\/et\/toode\/oine-aed-tapeet\/\",\"url\":\"https:\/\/baubauwall.com\/et\/toode\/oine-aed-tapeet\/\",\"name\":\"Tume tapeet lehtede ja lilledega. R\u00e4tsepat\u00f6\u00f6na valmivad tapeedid.\",\"isPartOf\":{\"@id\":\"https:\/\/baubauwall.com\/et\/#website\"},\"primaryImageOfPage\":{\"@id\":\"https:\/\/baubauwall.com\/et\/toode\/oine-aed-tapeet\/#primaryimage\"},\"image\":{\"@id\":\"https:\/\/baubauwall.com\/et\/toode\/oine-aed-tapeet\/#primaryimage\"},\"thumbnailUrl\":\"https:\/\/baubauwall.com\/wp-content\/uploads\/2022\/04\/51100200_Midnight_Garden_Baubauwall_Wallpaper_room2-10.jpg\",\"datePublished\":\"2022-04-26T10:50:26+00:00\",\"dateModified\":\"2025-01-22T13:19:04+00:00\",\"description\":\"Tume tapeet tumedal taustal lillede ja lehtede mustriga. Sinu seina m\u00f5\u00f5tu l\u00f5igatud keskkonnas\u00f5bralikud tapeedid. Nutikas tapeedivalik.\",\"breadcrumb\":{\"@id\":\"https:\/\/baubauwall.com\/et\/toode\/oine-aed-tapeet\/#breadcrumb\"},\"inLanguage\":\"et\",\"potentialAction\":[{\"@type\":\"ReadAction\",\"target\":[\"https:\/\/baubauwall.com\/et\/toode\/oine-aed-tapeet\/\"]}]},{\"@type\":\"ImageObject\",\"inLanguage\":\"et\",\"@id\":\"https:\/\/baubauwall.com\/et\/toode\/oine-aed-tapeet\/#primaryimage\",\"url\":\"https:\/\/baubauwall.com\/wp-content\/uploads\/2022\/04\/51100200_Midnight_Garden_Baubauwall_Wallpaper_room2-10.jpg\",\"contentUrl\":\"https:\/\/baubauwall.com\/wp-content\/uploads\/2022\/04\/51100200_Midnight_Garden_Baubauwall_Wallpaper_room2-10.jpg\",\"width\":897,\"height\":800},{\"@type\":\"BreadcrumbList\",\"@id\":\"https:\/\/baubauwall.com\/et\/toode\/oine-aed-tapeet\/#breadcrumb\",\"itemListElement\":[{\"@type\":\"ListItem\",\"position\":1,\"name\":\"Koju\",\"item\":\"https:\/\/baubauwall.com\/et\/\"},{\"@type\":\"ListItem\",\"position\":2,\"name\":\"Tapeedid\",\"item\":\"https:\/\/baubauwall.com\/et\/tapeedid\/\"},{\"@type\":\"ListItem\",\"position\":3,\"name\":\"\u00d6ine aed\"}]},{\"@type\":\"WebSite\",\"@id\":\"https:\/\/baubauwall.com\/et\/#website\",\"url\":\"https:\/\/baubauwall.com\/et\/\",\"name\":\"BAUBAUWALL Wallpapers\",\"description\":\"Valmis paanides tapeet Eestist!\",\"publisher\":{\"@id\":\"https:\/\/baubauwall.com\/et\/#organization\"},\"potentialAction\":[{\"@type\":\"SearchAction\",\"target\":{\"@type\":\"EntryPoint\",\"urlTemplate\":\"https:\/\/baubauwall.com\/et\/?s={search_term_string}\"},\"query-input\":{\"@type\":\"PropertyValueSpecification\",\"valueRequired\":true,\"valueName\":\"search_term_string\"}}],\"inLanguage\":\"et\"},{\"@type\":\"Organization\",\"@id\":\"https:\/\/baubauwall.com\/et\/#organization\",\"name\":\"BAUBAUWALL Wallpapers\",\"url\":\"https:\/\/baubauwall.com\/et\/\",\"logo\":{\"@type\":\"ImageObject\",\"inLanguage\":\"et\",\"@id\":\"https:\/\/baubauwall.com\/et\/#\/schema\/logo\/image\/\",\"url\":\"https:\/\/baubauwall.com\/wp-content\/uploads\/2022\/03\/logo-horizontal.svg\",\"contentUrl\":\"https:\/\/baubauwall.com\/wp-content\/uploads\/2022\/03\/logo-horizontal.svg\",\"width\":\"1024\",\"height\":\"1024\",\"caption\":\"BAUBAUWALL Wallpapers\"},\"image\":{\"@id\":\"https:\/\/baubauwall.com\/et\/#\/schema\/logo\/image\/\"},\"sameAs\":[\"https:\/\/www.facebook.com\/Baubauwall\",\"https:\/\/www.instagram.com\/baubauwall\"]}]}<\/script>\n<!-- \/ Yoast SEO plugin. -->","yoast_head_json":{"title":"Tume tapeet lehtede ja lilledega. R\u00e4tsepat\u00f6\u00f6na valmivad tapeedid.","description":"Tume tapeet tumedal taustal lillede ja lehtede mustriga. Sinu seina m\u00f5\u00f5tu l\u00f5igatud keskkonnas\u00f5bralikud tapeedid. Nutikas tapeedivalik.","robots":{"index":"index","follow":"follow","max-snippet":"max-snippet:-1","max-image-preview":"max-image-preview:large","max-video-preview":"max-video-preview:-1"},"canonical":"https:\/\/baubauwall.com\/et\/toode\/oine-aed-tapeet\/","og_locale":"et_EE","og_type":"article","og_title":"Tume tapeet lehtede ja lilledega. R\u00e4tsepat\u00f6\u00f6na valmivad tapeedid.","og_description":"Tume tapeet tumedal taustal lillede ja lehtede mustriga. Sinu seina m\u00f5\u00f5tu l\u00f5igatud keskkonnas\u00f5bralikud tapeedid. Nutikas tapeedivalik.","og_url":"https:\/\/baubauwall.com\/et\/toode\/oine-aed-tapeet\/","og_site_name":"BAUBAUWALL TAPEEDID","article_publisher":"https:\/\/www.facebook.com\/Baubauwall","article_modified_time":"2025-01-22T13:19:04+00:00","og_image":[{"width":897,"height":800,"url":"https:\/\/baubauwall.com\/wp-content\/uploads\/2022\/04\/51100200_Midnight_Garden_Baubauwall_Wallpaper_room2-10.jpg","type":"image\/jpeg"}],"twitter_card":"summary_large_image","twitter_misc":{"Est. reading time":"1 minut"},"schema":{"@context":"https:\/\/schema.org","@graph":[{"@type":"WebPage","@id":"https:\/\/baubauwall.com\/et\/toode\/oine-aed-tapeet\/","url":"https:\/\/baubauwall.com\/et\/toode\/oine-aed-tapeet\/","name":"Tume tapeet lehtede ja lilledega. R\u00e4tsepat\u00f6\u00f6na valmivad tapeedid.","isPartOf":{"@id":"https:\/\/baubauwall.com\/et\/#website"},"primaryImageOfPage":{"@id":"https:\/\/baubauwall.com\/et\/toode\/oine-aed-tapeet\/#primaryimage"},"image":{"@id":"https:\/\/baubauwall.com\/et\/toode\/oine-aed-tapeet\/#primaryimage"},"thumbnailUrl":"https:\/\/baubauwall.com\/wp-content\/uploads\/2022\/04\/51100200_Midnight_Garden_Baubauwall_Wallpaper_room2-10.jpg","datePublished":"2022-04-26T10:50:26+00:00","dateModified":"2025-01-22T13:19:04+00:00","description":"Tume tapeet tumedal taustal lillede ja lehtede mustriga. Sinu seina m\u00f5\u00f5tu l\u00f5igatud keskkonnas\u00f5bralikud tapeedid. Nutikas tapeedivalik.","breadcrumb":{"@id":"https:\/\/baubauwall.com\/et\/toode\/oine-aed-tapeet\/#breadcrumb"},"inLanguage":"et","potentialAction":[{"@type":"ReadAction","target":["https:\/\/baubauwall.com\/et\/toode\/oine-aed-tapeet\/"]}]},{"@type":"ImageObject","inLanguage":"et","@id":"https:\/\/baubauwall.com\/et\/toode\/oine-aed-tapeet\/#primaryimage","url":"https:\/\/baubauwall.com\/wp-content\/uploads\/2022\/04\/51100200_Midnight_Garden_Baubauwall_Wallpaper_room2-10.jpg","contentUrl":"https:\/\/baubauwall.com\/wp-content\/uploads\/2022\/04\/51100200_Midnight_Garden_Baubauwall_Wallpaper_room2-10.jpg","width":897,"height":800},{"@type":"BreadcrumbList","@id":"https:\/\/baubauwall.com\/et\/toode\/oine-aed-tapeet\/#breadcrumb","itemListElement":[{"@type":"ListItem","position":1,"name":"Koju","item":"https:\/\/baubauwall.com\/et\/"},{"@type":"ListItem","position":2,"name":"Tapeedid","item":"https:\/\/baubauwall.com\/et\/tapeedid\/"},{"@type":"ListItem","position":3,"name":"\u00d6ine aed"}]},{"@type":"WebSite","@id":"https:\/\/baubauwall.com\/et\/#website","url":"https:\/\/baubauwall.com\/et\/","name":"BAUBAUWALL Wallpapers","description":"Valmis paanides tapeet Eestist!","publisher":{"@id":"https:\/\/baubauwall.com\/et\/#organization"},"potentialAction":[{"@type":"SearchAction","target":{"@type":"EntryPoint","urlTemplate":"https:\/\/baubauwall.com\/et\/?s={search_term_string}"},"query-input":{"@type":"PropertyValueSpecification","valueRequired":true,"valueName":"search_term_string"}}],"inLanguage":"et"},{"@type":"Organization","@id":"https:\/\/baubauwall.com\/et\/#organization","name":"BAUBAUWALL Wallpapers","url":"https:\/\/baubauwall.com\/et\/","logo":{"@type":"ImageObject","inLanguage":"et","@id":"https:\/\/baubauwall.com\/et\/#\/schema\/logo\/image\/","url":"https:\/\/baubauwall.com\/wp-content\/uploads\/2022\/03\/logo-horizontal.svg","contentUrl":"https:\/\/baubauwall.com\/wp-content\/uploads\/2022\/03\/logo-horizontal.svg","width":"1024","height":"1024","caption":"BAUBAUWALL Wallpapers"},"image":{"@id":"https:\/\/baubauwall.com\/et\/#\/schema\/logo\/image\/"},"sameAs":["https:\/\/www.facebook.com\/Baubauwall","https:\/\/www.instagram.com\/baubauwall"]}]}},"jetpack_sharing_enabled":true,"_links":{"self":[{"href":"https:\/\/baubauwall.com\/et\/wp-json\/wp\/v2\/product\/9300","targetHints":{"allow":["GET"]}}],"collection":[{"href":"https:\/\/baubauwall.com\/et\/wp-json\/wp\/v2\/product"}],"about":[{"href":"https:\/\/baubauwall.com\/et\/wp-json\/wp\/v2\/types\/product"}],"replies":[{"embeddable":true,"href":"https:\/\/baubauwall.com\/et\/wp-json\/wp\/v2\/comments?post=9300"}],"wp:featuredmedia":[{"embeddable":true,"href":"https:\/\/baubauwall.com\/et\/wp-json\/wp\/v2\/media\/9297"}],"wp:attachment":[{"href":"https:\/\/baubauwall.com\/et\/wp-json\/wp\/v2\/media?parent=9300"}],"wp:term":[{"taxonomy":"product_brand","embeddable":true,"href":"https:\/\/baubauwall.com\/et\/wp-json\/wp\/v2\/product_brand?post=9300"},{"taxonomy":"product_cat","embeddable":true,"href":"https:\/\/baubauwall.com\/et\/wp-json\/wp\/v2\/product_cat?post=9300"},{"taxonomy":"product_tag","embeddable":true,"href":"https:\/\/baubauwall.com\/et\/wp-json\/wp\/v2\/product_tag?post=9300"}],"curies":[{"name":"wp","href":"https:\/\/api.w.org\/{rel}","templated":true}]}}