{"id":9371,"date":"2022-04-26T12:50:32","date_gmt":"2022-04-26T10:50:32","guid":{"rendered":"https:\/\/baubauwall.com\/product\/cocoa-terrazzo-wallpaper\/"},"modified":"2025-04-04T08:55:49","modified_gmt":"2025-04-04T06:55:49","slug":"tapeet-terrazzo-kakao","status":"publish","type":"product","link":"https:\/\/baubauwall.com\/et\/toode\/tapeet-terrazzo-kakao\/","title":{"rendered":"Terrazzo &#8211; kakao"},"content":{"rendered":"<p>Terrazzo tapeet &#8211; stiil, mis ilmselt ei l\u00e4he kunagi moest. S\u00f5na \u201cterrazzo\u201d tuleb ladinakeelsest s\u00f5nast \u201cterra\u201d, mis t\u00e4hendab \u201cmaapinda\u201d, ja see pika ajalooga komposiitmaterjal annab igale interj\u00f6\u00f6rile Vahemere h\u00f5ngu. Klaasi-, kivi- ja marmorikildudest tsemendi abil kokku segatud materjal p\u00e4rineb 16. sajandi Itaaliast, kust otsiti v\u00f5imalust kivit\u00fckkide \u00e4rakasutamiseks.<br \/>\nBaubauwalli l\u00e4henemine sellele kuulsale materjalile on \u2026 kunst! Naturaalse klaasi v\u00f5i marmorikildude asemel lisasime oma terrazzo tapeedile kakaotooni.\u00a0 Terrazzo kordusmustriga tapeet, mida on lihtne paigaldada ning muidugi sobitada erinevate interj\u00f6\u00f6ri stiilidega.<\/p>\n<p><strong>Miks osta tapeet siit? Tapeetimine pole kunagi nii lihtne olnud!<\/strong><\/p>\n<ul>\n<li>Nummerdatud tapeedipaanid<\/li>\n<li>Just nii pikad tapeedipaanid, kui on Sinu sein<\/li>\n<li>Premium, matt fliistapeedi materjal<\/li>\n<li>M\u00fcrgivabad tr\u00fckiv\u00e4rvid, Greenguard sertifitseeritud<\/li>\n<li>Keskkonnas\u00f5bralik, j\u00e4\u00e4tmevaba tapeetimine<\/li>\n<li>Tasuta tapeediliim<\/li>\n<li>Tasuta transport ja kiire tarne 5 t\u00f6\u00f6p\u00e4evaga<\/li>\n<\/ul>\n<p>Loe l\u00e4hemalt nutikatest, eritellimust\u00f6\u00f6na valmivatest tapeetidest\u00a0<a href=\"https:\/\/baubauwall.com\/et\/keskkonnasobralikud-tapeedid\/\">siit.<\/a><\/p>\n","protected":false},"excerpt":{"rendered":"<p>Terrazzo tapeet &#8211; stiil, mis ilmselt ei l\u00e4he kunagi moest. S\u00f5na \u201cterrazzo\u201d tuleb ladinakeelsest s\u00f5nast \u201cterra\u201d, mis t\u00e4hendab \u201cmaapinda\u201d, ja see pika ajalooga komposiitmaterjal annab igale interj\u00f6\u00f6rile Vahemere h\u00f5ngu. Klaasi-, kivi- ja marmorikildudest tsemendi abil kokku segatud materjal p\u00e4rineb 16. sajandi Itaaliast, kust otsiti v\u00f5imalust kivit\u00fckkide \u00e4rakasutamiseks. Baubauwalli l\u00e4henemine sellele kuulsale materjalile on \u2026 kunst! [&hellip;]<\/p>\n","protected":false},"featured_media":9352,"comment_status":"open","ping_status":"closed","template":"","meta":{"_acf_changed":false,"inline_featured_image":false},"product_brand":[],"product_cat":[386,404,391,265,269,276,413,414,415,416,399,402,412,242],"product_tag":[314],"class_list":{"0":"post-9371","1":"product","2":"type-product","3":"status-publish","4":"has-post-thumbnail","6":"product_cat-kordusmustriga-tapeedid","7":"product_cat-abstraktne","8":"product_cat-vahemereline","9":"product_cat-beezid-tapeedid","10":"product_cat-pruunid-tapeedid","11":"product_cat-pastelsed-tapeedid","12":"product_cat-magamistoa-tapeedid","13":"product_cat-soogitoa-tapeedid","14":"product_cat-kulalistetoa-tapeedid","15":"product_cat-esiku-tapeedid","16":"product_cat-kodukontori-tapeedid","17":"product_cat-elutoa-tapeedid","18":"product_cat-vannitoa-tapeedid","19":"product_cat-terrazzo-et","20":"product_tag-faux-surface-et","21":"pa_designedby-baubauwall","23":"first","24":"instock","25":"taxable","26":"shipping-taxable","27":"purchasable","28":"product-type-simple"},"acf":[],"yoast_head":"<!-- This site is optimized with the Yoast SEO plugin v25.9 - https:\/\/yoast.com\/wordpress\/plugins\/seo\/ -->\n<title>Terrazzo tapeet bee\u017eikal taustal. Valmis paanides tapeedid<\/title>\n<meta name=\"description\" content=\"Terrazzo mustriga kakao tooni tapeet magamistuppa v\u00f5i elutoa seinale. Sinu seina m\u00f5\u00f5dus nutikad tapeedid. Keskkonnas\u00f5bralik tapeedivalik.\" \/>\n<meta name=\"robots\" content=\"index, follow, max-snippet:-1, max-image-preview:large, max-video-preview:-1\" \/>\n<link rel=\"canonical\" href=\"https:\/\/baubauwall.com\/et\/toode\/tapeet-terrazzo-kakao\/\" \/>\n<meta property=\"og:locale\" content=\"et_EE\" \/>\n<meta property=\"og:type\" content=\"article\" \/>\n<meta property=\"og:title\" content=\"Terrazzo tapeet bee\u017eikal taustal. Valmis paanides tapeedid\" \/>\n<meta property=\"og:description\" content=\"Terrazzo mustriga kakao tooni tapeet magamistuppa v\u00f5i elutoa seinale. Sinu seina m\u00f5\u00f5dus nutikad tapeedid. Keskkonnas\u00f5bralik tapeedivalik.\" \/>\n<meta property=\"og:url\" content=\"https:\/\/baubauwall.com\/et\/toode\/tapeet-terrazzo-kakao\/\" \/>\n<meta property=\"og:site_name\" content=\"BAUBAUWALL TAPEEDID\" \/>\n<meta property=\"article:publisher\" content=\"https:\/\/www.facebook.com\/Baubauwall\" \/>\n<meta property=\"article:modified_time\" content=\"2025-04-04T06:55:49+00:00\" \/>\n<meta property=\"og:image\" content=\"https:\/\/baubauwall.com\/wp-content\/uploads\/2022\/04\/51100203_cocoa_terrazzo_Baubauwall_Wallpaper_room9-8.jpg\" \/>\n\t<meta property=\"og:image:width\" content=\"800\" \/>\n\t<meta property=\"og:image:height\" content=\"800\" \/>\n\t<meta property=\"og:image:type\" content=\"image\/jpeg\" \/>\n<meta name=\"twitter:card\" content=\"summary_large_image\" \/>\n<meta name=\"twitter:label1\" content=\"Est. reading time\" \/>\n\t<meta name=\"twitter:data1\" content=\"1 minut\" \/>\n<script type=\"application\/ld+json\" class=\"yoast-schema-graph\">{\"@context\":\"https:\/\/schema.org\",\"@graph\":[{\"@type\":\"WebPage\",\"@id\":\"https:\/\/baubauwall.com\/et\/toode\/tapeet-terrazzo-kakao\/\",\"url\":\"https:\/\/baubauwall.com\/et\/toode\/tapeet-terrazzo-kakao\/\",\"name\":\"Terrazzo tapeet bee\u017eikal taustal. Valmis paanides tapeedid\",\"isPartOf\":{\"@id\":\"https:\/\/baubauwall.com\/et\/#website\"},\"primaryImageOfPage\":{\"@id\":\"https:\/\/baubauwall.com\/et\/toode\/tapeet-terrazzo-kakao\/#primaryimage\"},\"image\":{\"@id\":\"https:\/\/baubauwall.com\/et\/toode\/tapeet-terrazzo-kakao\/#primaryimage\"},\"thumbnailUrl\":\"https:\/\/baubauwall.com\/wp-content\/uploads\/2022\/04\/51100203_cocoa_terrazzo_Baubauwall_Wallpaper_room9-8.jpg\",\"datePublished\":\"2022-04-26T10:50:32+00:00\",\"dateModified\":\"2025-04-04T06:55:49+00:00\",\"description\":\"Terrazzo mustriga kakao tooni tapeet magamistuppa v\u00f5i elutoa seinale. Sinu seina m\u00f5\u00f5dus nutikad tapeedid. Keskkonnas\u00f5bralik tapeedivalik.\",\"breadcrumb\":{\"@id\":\"https:\/\/baubauwall.com\/et\/toode\/tapeet-terrazzo-kakao\/#breadcrumb\"},\"inLanguage\":\"et\",\"potentialAction\":[{\"@type\":\"ReadAction\",\"target\":[\"https:\/\/baubauwall.com\/et\/toode\/tapeet-terrazzo-kakao\/\"]}]},{\"@type\":\"ImageObject\",\"inLanguage\":\"et\",\"@id\":\"https:\/\/baubauwall.com\/et\/toode\/tapeet-terrazzo-kakao\/#primaryimage\",\"url\":\"https:\/\/baubauwall.com\/wp-content\/uploads\/2022\/04\/51100203_cocoa_terrazzo_Baubauwall_Wallpaper_room9-8.jpg\",\"contentUrl\":\"https:\/\/baubauwall.com\/wp-content\/uploads\/2022\/04\/51100203_cocoa_terrazzo_Baubauwall_Wallpaper_room9-8.jpg\",\"width\":800,\"height\":800,\"caption\":\"Terrazzo tapeet sooja kakao toonis\"},{\"@type\":\"BreadcrumbList\",\"@id\":\"https:\/\/baubauwall.com\/et\/toode\/tapeet-terrazzo-kakao\/#breadcrumb\",\"itemListElement\":[{\"@type\":\"ListItem\",\"position\":1,\"name\":\"Koju\",\"item\":\"https:\/\/baubauwall.com\/et\/\"},{\"@type\":\"ListItem\",\"position\":2,\"name\":\"Tapeedid\",\"item\":\"https:\/\/baubauwall.com\/et\/tapeedid\/\"},{\"@type\":\"ListItem\",\"position\":3,\"name\":\"Terrazzo &#8211; kakao\"}]},{\"@type\":\"WebSite\",\"@id\":\"https:\/\/baubauwall.com\/et\/#website\",\"url\":\"https:\/\/baubauwall.com\/et\/\",\"name\":\"BAUBAUWALL Wallpapers\",\"description\":\"Valmis paanides tapeet Eestist!\",\"publisher\":{\"@id\":\"https:\/\/baubauwall.com\/et\/#organization\"},\"potentialAction\":[{\"@type\":\"SearchAction\",\"target\":{\"@type\":\"EntryPoint\",\"urlTemplate\":\"https:\/\/baubauwall.com\/et\/?s={search_term_string}\"},\"query-input\":{\"@type\":\"PropertyValueSpecification\",\"valueRequired\":true,\"valueName\":\"search_term_string\"}}],\"inLanguage\":\"et\"},{\"@type\":\"Organization\",\"@id\":\"https:\/\/baubauwall.com\/et\/#organization\",\"name\":\"BAUBAUWALL Wallpapers\",\"url\":\"https:\/\/baubauwall.com\/et\/\",\"logo\":{\"@type\":\"ImageObject\",\"inLanguage\":\"et\",\"@id\":\"https:\/\/baubauwall.com\/et\/#\/schema\/logo\/image\/\",\"url\":\"https:\/\/baubauwall.com\/wp-content\/uploads\/2022\/03\/logo-horizontal.svg\",\"contentUrl\":\"https:\/\/baubauwall.com\/wp-content\/uploads\/2022\/03\/logo-horizontal.svg\",\"width\":\"1024\",\"height\":\"1024\",\"caption\":\"BAUBAUWALL Wallpapers\"},\"image\":{\"@id\":\"https:\/\/baubauwall.com\/et\/#\/schema\/logo\/image\/\"},\"sameAs\":[\"https:\/\/www.facebook.com\/Baubauwall\",\"https:\/\/www.instagram.com\/baubauwall\"]}]}<\/script>\n<!-- \/ Yoast SEO plugin. -->","yoast_head_json":{"title":"Terrazzo tapeet bee\u017eikal taustal. Valmis paanides tapeedid","description":"Terrazzo mustriga kakao tooni tapeet magamistuppa v\u00f5i elutoa seinale. Sinu seina m\u00f5\u00f5dus nutikad tapeedid. Keskkonnas\u00f5bralik tapeedivalik.","robots":{"index":"index","follow":"follow","max-snippet":"max-snippet:-1","max-image-preview":"max-image-preview:large","max-video-preview":"max-video-preview:-1"},"canonical":"https:\/\/baubauwall.com\/et\/toode\/tapeet-terrazzo-kakao\/","og_locale":"et_EE","og_type":"article","og_title":"Terrazzo tapeet bee\u017eikal taustal. Valmis paanides tapeedid","og_description":"Terrazzo mustriga kakao tooni tapeet magamistuppa v\u00f5i elutoa seinale. Sinu seina m\u00f5\u00f5dus nutikad tapeedid. Keskkonnas\u00f5bralik tapeedivalik.","og_url":"https:\/\/baubauwall.com\/et\/toode\/tapeet-terrazzo-kakao\/","og_site_name":"BAUBAUWALL TAPEEDID","article_publisher":"https:\/\/www.facebook.com\/Baubauwall","article_modified_time":"2025-04-04T06:55:49+00:00","og_image":[{"width":800,"height":800,"url":"https:\/\/baubauwall.com\/wp-content\/uploads\/2022\/04\/51100203_cocoa_terrazzo_Baubauwall_Wallpaper_room9-8.jpg","type":"image\/jpeg"}],"twitter_card":"summary_large_image","twitter_misc":{"Est. reading time":"1 minut"},"schema":{"@context":"https:\/\/schema.org","@graph":[{"@type":"WebPage","@id":"https:\/\/baubauwall.com\/et\/toode\/tapeet-terrazzo-kakao\/","url":"https:\/\/baubauwall.com\/et\/toode\/tapeet-terrazzo-kakao\/","name":"Terrazzo tapeet bee\u017eikal taustal. Valmis paanides tapeedid","isPartOf":{"@id":"https:\/\/baubauwall.com\/et\/#website"},"primaryImageOfPage":{"@id":"https:\/\/baubauwall.com\/et\/toode\/tapeet-terrazzo-kakao\/#primaryimage"},"image":{"@id":"https:\/\/baubauwall.com\/et\/toode\/tapeet-terrazzo-kakao\/#primaryimage"},"thumbnailUrl":"https:\/\/baubauwall.com\/wp-content\/uploads\/2022\/04\/51100203_cocoa_terrazzo_Baubauwall_Wallpaper_room9-8.jpg","datePublished":"2022-04-26T10:50:32+00:00","dateModified":"2025-04-04T06:55:49+00:00","description":"Terrazzo mustriga kakao tooni tapeet magamistuppa v\u00f5i elutoa seinale. Sinu seina m\u00f5\u00f5dus nutikad tapeedid. Keskkonnas\u00f5bralik tapeedivalik.","breadcrumb":{"@id":"https:\/\/baubauwall.com\/et\/toode\/tapeet-terrazzo-kakao\/#breadcrumb"},"inLanguage":"et","potentialAction":[{"@type":"ReadAction","target":["https:\/\/baubauwall.com\/et\/toode\/tapeet-terrazzo-kakao\/"]}]},{"@type":"ImageObject","inLanguage":"et","@id":"https:\/\/baubauwall.com\/et\/toode\/tapeet-terrazzo-kakao\/#primaryimage","url":"https:\/\/baubauwall.com\/wp-content\/uploads\/2022\/04\/51100203_cocoa_terrazzo_Baubauwall_Wallpaper_room9-8.jpg","contentUrl":"https:\/\/baubauwall.com\/wp-content\/uploads\/2022\/04\/51100203_cocoa_terrazzo_Baubauwall_Wallpaper_room9-8.jpg","width":800,"height":800,"caption":"Terrazzo tapeet sooja kakao toonis"},{"@type":"BreadcrumbList","@id":"https:\/\/baubauwall.com\/et\/toode\/tapeet-terrazzo-kakao\/#breadcrumb","itemListElement":[{"@type":"ListItem","position":1,"name":"Koju","item":"https:\/\/baubauwall.com\/et\/"},{"@type":"ListItem","position":2,"name":"Tapeedid","item":"https:\/\/baubauwall.com\/et\/tapeedid\/"},{"@type":"ListItem","position":3,"name":"Terrazzo &#8211; kakao"}]},{"@type":"WebSite","@id":"https:\/\/baubauwall.com\/et\/#website","url":"https:\/\/baubauwall.com\/et\/","name":"BAUBAUWALL Wallpapers","description":"Valmis paanides tapeet Eestist!","publisher":{"@id":"https:\/\/baubauwall.com\/et\/#organization"},"potentialAction":[{"@type":"SearchAction","target":{"@type":"EntryPoint","urlTemplate":"https:\/\/baubauwall.com\/et\/?s={search_term_string}"},"query-input":{"@type":"PropertyValueSpecification","valueRequired":true,"valueName":"search_term_string"}}],"inLanguage":"et"},{"@type":"Organization","@id":"https:\/\/baubauwall.com\/et\/#organization","name":"BAUBAUWALL Wallpapers","url":"https:\/\/baubauwall.com\/et\/","logo":{"@type":"ImageObject","inLanguage":"et","@id":"https:\/\/baubauwall.com\/et\/#\/schema\/logo\/image\/","url":"https:\/\/baubauwall.com\/wp-content\/uploads\/2022\/03\/logo-horizontal.svg","contentUrl":"https:\/\/baubauwall.com\/wp-content\/uploads\/2022\/03\/logo-horizontal.svg","width":"1024","height":"1024","caption":"BAUBAUWALL Wallpapers"},"image":{"@id":"https:\/\/baubauwall.com\/et\/#\/schema\/logo\/image\/"},"sameAs":["https:\/\/www.facebook.com\/Baubauwall","https:\/\/www.instagram.com\/baubauwall"]}]}},"jetpack_sharing_enabled":true,"_links":{"self":[{"href":"https:\/\/baubauwall.com\/et\/wp-json\/wp\/v2\/product\/9371","targetHints":{"allow":["GET"]}}],"collection":[{"href":"https:\/\/baubauwall.com\/et\/wp-json\/wp\/v2\/product"}],"about":[{"href":"https:\/\/baubauwall.com\/et\/wp-json\/wp\/v2\/types\/product"}],"replies":[{"embeddable":true,"href":"https:\/\/baubauwall.com\/et\/wp-json\/wp\/v2\/comments?post=9371"}],"wp:featuredmedia":[{"embeddable":true,"href":"https:\/\/baubauwall.com\/et\/wp-json\/wp\/v2\/media\/9352"}],"wp:attachment":[{"href":"https:\/\/baubauwall.com\/et\/wp-json\/wp\/v2\/media?parent=9371"}],"wp:term":[{"taxonomy":"product_brand","embeddable":true,"href":"https:\/\/baubauwall.com\/et\/wp-json\/wp\/v2\/product_brand?post=9371"},{"taxonomy":"product_cat","embeddable":true,"href":"https:\/\/baubauwall.com\/et\/wp-json\/wp\/v2\/product_cat?post=9371"},{"taxonomy":"product_tag","embeddable":true,"href":"https:\/\/baubauwall.com\/et\/wp-json\/wp\/v2\/product_tag?post=9371"}],"curies":[{"name":"wp","href":"https:\/\/api.w.org\/{rel}","templated":true}]}}