{"id":9394,"date":"2022-04-26T12:50:34","date_gmt":"2022-04-26T10:50:34","guid":{"rendered":"https:\/\/baubauwall.com\/product\/rose-meadow-wallpaper-light-blue\/"},"modified":"2022-11-28T09:39:34","modified_gmt":"2022-11-28T07:39:34","slug":"rose-meadow-wallpaper-light-blue","status":"publish","type":"product","link":"https:\/\/baubauwall.com\/et\/toode\/rose-meadow-wallpaper-light-blue\/","title":{"rendered":"Rooside aas &#8211; helesinine"},"content":{"rendered":"<p>Ajatu tapeedivalik Sinu koju.\u00a0 Roositeemalised tapeedid ei l\u00e4he kunagi moest ja sobivad v\u00e4ga erinevate interj\u00f6\u00f6ristiilidega. Ehk k\u00f5ige veatumalt klassikalisse maamajja v\u00f5i vintage-inspireeritud kodu seintele. Pehmed sinised, oliivi- ja rohelised toonid on rahulikud ja \u00f5rnalt romantilised ega pole pealet\u00fckkivad. Ilus tapeedivalik magamistuppa, elutuppa, k\u00f6\u00f6ki v\u00f5i lastetoa seintele.<\/p>\n<p>Rooside aas tapeet on saadaval ka kollases ja punases v\u00e4rvitoonis.<\/p>\n","protected":false},"excerpt":{"rendered":"<p>Ajatu tapeedivalik Sinu koju.\u00a0 Roositeemalised tapeedid ei l\u00e4he kunagi moest ja sobivad v\u00e4ga erinevate interj\u00f6\u00f6ristiilidega. Ehk k\u00f5ige veatumalt klassikalisse maamajja v\u00f5i vintage-inspireeritud kodu seintele. Pehmed sinised, oliivi- ja rohelised toonid on rahulikud ja \u00f5rnalt romantilised ega pole pealet\u00fckkivad. Ilus tapeedivalik magamistuppa, elutuppa, k\u00f6\u00f6ki v\u00f5i lastetoa seintele. Rooside aas tapeet on saadaval ka kollases ja punases [&hellip;]<\/p>\n","protected":false},"featured_media":9383,"comment_status":"open","ping_status":"closed","template":"","meta":{"_acf_changed":false,"inline_featured_image":false},"product_brand":[],"product_cat":[386,395,406,388,267,271,413,400,414,415,416,399,401,402,412,260],"product_tag":[],"class_list":{"0":"post-9394","1":"product","2":"type-product","3":"status-publish","4":"has-post-thumbnail","6":"product_cat-kordusmustriga-tapeedid","7":"product_cat-romantiline","8":"product_cat-klassika","9":"product_cat-vintage-et","10":"product_cat-sinised-tapeedid","11":"product_cat-rohelised-tapeedid","12":"product_cat-magamistoa-tapeedid","13":"product_cat-lastetoa-tapeedid","14":"product_cat-soogitoa-tapeedid","15":"product_cat-kulalistetoa-tapeedid","16":"product_cat-esiku-tapeedid","17":"product_cat-kodukontori-tapeedid","18":"product_cat-koogi-tapeedid","19":"product_cat-elutoa-tapeedid","20":"product_cat-vannitoa-tapeedid","21":"product_cat-lilled","22":"pa_designedby-baubauwall","24":"first","25":"instock","26":"taxable","27":"shipping-taxable","28":"purchasable","29":"product-type-simple"},"acf":[],"yoast_head":"<!-- This site is optimized with the Yoast SEO plugin v25.9 - https:\/\/yoast.com\/wordpress\/plugins\/seo\/ -->\n<title>Tapeet roosidega. Vintage h\u00f5nguline romantiline muster ja tapeedidisain.<\/title>\n<meta name=\"description\" content=\"Tapeet roode aas. Helesiniste ja rohelise roosidega muster. Hea tapeedivalik elutuppa, magamistuppa. Sinu seina m\u00f5\u00f5tu l\u00f5igatud tapeedipaanid.\" \/>\n<meta name=\"robots\" content=\"index, follow, max-snippet:-1, max-image-preview:large, max-video-preview:-1\" \/>\n<link rel=\"canonical\" href=\"https:\/\/baubauwall.com\/et\/toode\/rose-meadow-wallpaper-light-blue\/\" \/>\n<meta property=\"og:locale\" content=\"et_EE\" \/>\n<meta property=\"og:type\" content=\"article\" \/>\n<meta property=\"og:title\" content=\"Tapeet roosidega. Vintage h\u00f5nguline romantiline muster ja tapeedidisain.\" \/>\n<meta property=\"og:description\" content=\"Tapeet roode aas. Helesiniste ja rohelise roosidega muster. Hea tapeedivalik elutuppa, magamistuppa. Sinu seina m\u00f5\u00f5tu l\u00f5igatud tapeedipaanid.\" \/>\n<meta property=\"og:url\" content=\"https:\/\/baubauwall.com\/et\/toode\/rose-meadow-wallpaper-light-blue\/\" \/>\n<meta property=\"og:site_name\" content=\"BAUBAUWALL TAPEEDID\" \/>\n<meta property=\"article:publisher\" content=\"https:\/\/www.facebook.com\/Baubauwall\" \/>\n<meta property=\"article:modified_time\" content=\"2022-11-28T07:39:34+00:00\" \/>\n<meta property=\"og:image\" content=\"https:\/\/baubauwall.com\/wp-content\/uploads\/2022\/04\/51100204_Rose_Meadow-lightblue_Baubauwall_Wallpaper_room09-4.jpg\" \/>\n\t<meta property=\"og:image:width\" content=\"1199\" \/>\n\t<meta property=\"og:image:height\" content=\"800\" \/>\n\t<meta property=\"og:image:type\" content=\"image\/jpeg\" \/>\n<meta name=\"twitter:card\" content=\"summary_large_image\" \/>\n<meta name=\"twitter:label1\" content=\"Est. reading time\" \/>\n\t<meta name=\"twitter:data1\" content=\"1 minut\" \/>\n<script type=\"application\/ld+json\" class=\"yoast-schema-graph\">{\"@context\":\"https:\/\/schema.org\",\"@graph\":[{\"@type\":\"WebPage\",\"@id\":\"https:\/\/baubauwall.com\/et\/toode\/rose-meadow-wallpaper-light-blue\/\",\"url\":\"https:\/\/baubauwall.com\/et\/toode\/rose-meadow-wallpaper-light-blue\/\",\"name\":\"Tapeet roosidega. Vintage h\u00f5nguline romantiline muster ja tapeedidisain.\",\"isPartOf\":{\"@id\":\"https:\/\/baubauwall.com\/et\/#website\"},\"primaryImageOfPage\":{\"@id\":\"https:\/\/baubauwall.com\/et\/toode\/rose-meadow-wallpaper-light-blue\/#primaryimage\"},\"image\":{\"@id\":\"https:\/\/baubauwall.com\/et\/toode\/rose-meadow-wallpaper-light-blue\/#primaryimage\"},\"thumbnailUrl\":\"https:\/\/baubauwall.com\/wp-content\/uploads\/2022\/04\/51100204_Rose_Meadow-lightblue_Baubauwall_Wallpaper_room09-4.jpg\",\"datePublished\":\"2022-04-26T10:50:34+00:00\",\"dateModified\":\"2022-11-28T07:39:34+00:00\",\"description\":\"Tapeet roode aas. Helesiniste ja rohelise roosidega muster. Hea tapeedivalik elutuppa, magamistuppa. Sinu seina m\u00f5\u00f5tu l\u00f5igatud tapeedipaanid.\",\"breadcrumb\":{\"@id\":\"https:\/\/baubauwall.com\/et\/toode\/rose-meadow-wallpaper-light-blue\/#breadcrumb\"},\"inLanguage\":\"et\",\"potentialAction\":[{\"@type\":\"ReadAction\",\"target\":[\"https:\/\/baubauwall.com\/et\/toode\/rose-meadow-wallpaper-light-blue\/\"]}]},{\"@type\":\"ImageObject\",\"inLanguage\":\"et\",\"@id\":\"https:\/\/baubauwall.com\/et\/toode\/rose-meadow-wallpaper-light-blue\/#primaryimage\",\"url\":\"https:\/\/baubauwall.com\/wp-content\/uploads\/2022\/04\/51100204_Rose_Meadow-lightblue_Baubauwall_Wallpaper_room09-4.jpg\",\"contentUrl\":\"https:\/\/baubauwall.com\/wp-content\/uploads\/2022\/04\/51100204_Rose_Meadow-lightblue_Baubauwall_Wallpaper_room09-4.jpg\",\"width\":1199,\"height\":800},{\"@type\":\"BreadcrumbList\",\"@id\":\"https:\/\/baubauwall.com\/et\/toode\/rose-meadow-wallpaper-light-blue\/#breadcrumb\",\"itemListElement\":[{\"@type\":\"ListItem\",\"position\":1,\"name\":\"Koju\",\"item\":\"https:\/\/baubauwall.com\/et\/\"},{\"@type\":\"ListItem\",\"position\":2,\"name\":\"Tapeedid\",\"item\":\"https:\/\/baubauwall.com\/et\/tapeedid\/\"},{\"@type\":\"ListItem\",\"position\":3,\"name\":\"Rooside aas &#8211; helesinine\"}]},{\"@type\":\"WebSite\",\"@id\":\"https:\/\/baubauwall.com\/et\/#website\",\"url\":\"https:\/\/baubauwall.com\/et\/\",\"name\":\"BAUBAUWALL Wallpapers\",\"description\":\"Valmis paanides tapeet Eestist!\",\"publisher\":{\"@id\":\"https:\/\/baubauwall.com\/et\/#organization\"},\"potentialAction\":[{\"@type\":\"SearchAction\",\"target\":{\"@type\":\"EntryPoint\",\"urlTemplate\":\"https:\/\/baubauwall.com\/et\/?s={search_term_string}\"},\"query-input\":{\"@type\":\"PropertyValueSpecification\",\"valueRequired\":true,\"valueName\":\"search_term_string\"}}],\"inLanguage\":\"et\"},{\"@type\":\"Organization\",\"@id\":\"https:\/\/baubauwall.com\/et\/#organization\",\"name\":\"BAUBAUWALL Wallpapers\",\"url\":\"https:\/\/baubauwall.com\/et\/\",\"logo\":{\"@type\":\"ImageObject\",\"inLanguage\":\"et\",\"@id\":\"https:\/\/baubauwall.com\/et\/#\/schema\/logo\/image\/\",\"url\":\"https:\/\/baubauwall.com\/wp-content\/uploads\/2022\/03\/logo-horizontal.svg\",\"contentUrl\":\"https:\/\/baubauwall.com\/wp-content\/uploads\/2022\/03\/logo-horizontal.svg\",\"width\":\"1024\",\"height\":\"1024\",\"caption\":\"BAUBAUWALL Wallpapers\"},\"image\":{\"@id\":\"https:\/\/baubauwall.com\/et\/#\/schema\/logo\/image\/\"},\"sameAs\":[\"https:\/\/www.facebook.com\/Baubauwall\",\"https:\/\/www.instagram.com\/baubauwall\"]}]}<\/script>\n<!-- \/ Yoast SEO plugin. -->","yoast_head_json":{"title":"Tapeet roosidega. Vintage h\u00f5nguline romantiline muster ja tapeedidisain.","description":"Tapeet roode aas. Helesiniste ja rohelise roosidega muster. Hea tapeedivalik elutuppa, magamistuppa. Sinu seina m\u00f5\u00f5tu l\u00f5igatud tapeedipaanid.","robots":{"index":"index","follow":"follow","max-snippet":"max-snippet:-1","max-image-preview":"max-image-preview:large","max-video-preview":"max-video-preview:-1"},"canonical":"https:\/\/baubauwall.com\/et\/toode\/rose-meadow-wallpaper-light-blue\/","og_locale":"et_EE","og_type":"article","og_title":"Tapeet roosidega. Vintage h\u00f5nguline romantiline muster ja tapeedidisain.","og_description":"Tapeet roode aas. Helesiniste ja rohelise roosidega muster. Hea tapeedivalik elutuppa, magamistuppa. Sinu seina m\u00f5\u00f5tu l\u00f5igatud tapeedipaanid.","og_url":"https:\/\/baubauwall.com\/et\/toode\/rose-meadow-wallpaper-light-blue\/","og_site_name":"BAUBAUWALL TAPEEDID","article_publisher":"https:\/\/www.facebook.com\/Baubauwall","article_modified_time":"2022-11-28T07:39:34+00:00","og_image":[{"width":1199,"height":800,"url":"https:\/\/baubauwall.com\/wp-content\/uploads\/2022\/04\/51100204_Rose_Meadow-lightblue_Baubauwall_Wallpaper_room09-4.jpg","type":"image\/jpeg"}],"twitter_card":"summary_large_image","twitter_misc":{"Est. reading time":"1 minut"},"schema":{"@context":"https:\/\/schema.org","@graph":[{"@type":"WebPage","@id":"https:\/\/baubauwall.com\/et\/toode\/rose-meadow-wallpaper-light-blue\/","url":"https:\/\/baubauwall.com\/et\/toode\/rose-meadow-wallpaper-light-blue\/","name":"Tapeet roosidega. Vintage h\u00f5nguline romantiline muster ja tapeedidisain.","isPartOf":{"@id":"https:\/\/baubauwall.com\/et\/#website"},"primaryImageOfPage":{"@id":"https:\/\/baubauwall.com\/et\/toode\/rose-meadow-wallpaper-light-blue\/#primaryimage"},"image":{"@id":"https:\/\/baubauwall.com\/et\/toode\/rose-meadow-wallpaper-light-blue\/#primaryimage"},"thumbnailUrl":"https:\/\/baubauwall.com\/wp-content\/uploads\/2022\/04\/51100204_Rose_Meadow-lightblue_Baubauwall_Wallpaper_room09-4.jpg","datePublished":"2022-04-26T10:50:34+00:00","dateModified":"2022-11-28T07:39:34+00:00","description":"Tapeet roode aas. Helesiniste ja rohelise roosidega muster. Hea tapeedivalik elutuppa, magamistuppa. Sinu seina m\u00f5\u00f5tu l\u00f5igatud tapeedipaanid.","breadcrumb":{"@id":"https:\/\/baubauwall.com\/et\/toode\/rose-meadow-wallpaper-light-blue\/#breadcrumb"},"inLanguage":"et","potentialAction":[{"@type":"ReadAction","target":["https:\/\/baubauwall.com\/et\/toode\/rose-meadow-wallpaper-light-blue\/"]}]},{"@type":"ImageObject","inLanguage":"et","@id":"https:\/\/baubauwall.com\/et\/toode\/rose-meadow-wallpaper-light-blue\/#primaryimage","url":"https:\/\/baubauwall.com\/wp-content\/uploads\/2022\/04\/51100204_Rose_Meadow-lightblue_Baubauwall_Wallpaper_room09-4.jpg","contentUrl":"https:\/\/baubauwall.com\/wp-content\/uploads\/2022\/04\/51100204_Rose_Meadow-lightblue_Baubauwall_Wallpaper_room09-4.jpg","width":1199,"height":800},{"@type":"BreadcrumbList","@id":"https:\/\/baubauwall.com\/et\/toode\/rose-meadow-wallpaper-light-blue\/#breadcrumb","itemListElement":[{"@type":"ListItem","position":1,"name":"Koju","item":"https:\/\/baubauwall.com\/et\/"},{"@type":"ListItem","position":2,"name":"Tapeedid","item":"https:\/\/baubauwall.com\/et\/tapeedid\/"},{"@type":"ListItem","position":3,"name":"Rooside aas &#8211; helesinine"}]},{"@type":"WebSite","@id":"https:\/\/baubauwall.com\/et\/#website","url":"https:\/\/baubauwall.com\/et\/","name":"BAUBAUWALL Wallpapers","description":"Valmis paanides tapeet Eestist!","publisher":{"@id":"https:\/\/baubauwall.com\/et\/#organization"},"potentialAction":[{"@type":"SearchAction","target":{"@type":"EntryPoint","urlTemplate":"https:\/\/baubauwall.com\/et\/?s={search_term_string}"},"query-input":{"@type":"PropertyValueSpecification","valueRequired":true,"valueName":"search_term_string"}}],"inLanguage":"et"},{"@type":"Organization","@id":"https:\/\/baubauwall.com\/et\/#organization","name":"BAUBAUWALL Wallpapers","url":"https:\/\/baubauwall.com\/et\/","logo":{"@type":"ImageObject","inLanguage":"et","@id":"https:\/\/baubauwall.com\/et\/#\/schema\/logo\/image\/","url":"https:\/\/baubauwall.com\/wp-content\/uploads\/2022\/03\/logo-horizontal.svg","contentUrl":"https:\/\/baubauwall.com\/wp-content\/uploads\/2022\/03\/logo-horizontal.svg","width":"1024","height":"1024","caption":"BAUBAUWALL Wallpapers"},"image":{"@id":"https:\/\/baubauwall.com\/et\/#\/schema\/logo\/image\/"},"sameAs":["https:\/\/www.facebook.com\/Baubauwall","https:\/\/www.instagram.com\/baubauwall"]}]}},"jetpack_sharing_enabled":true,"_links":{"self":[{"href":"https:\/\/baubauwall.com\/et\/wp-json\/wp\/v2\/product\/9394","targetHints":{"allow":["GET"]}}],"collection":[{"href":"https:\/\/baubauwall.com\/et\/wp-json\/wp\/v2\/product"}],"about":[{"href":"https:\/\/baubauwall.com\/et\/wp-json\/wp\/v2\/types\/product"}],"replies":[{"embeddable":true,"href":"https:\/\/baubauwall.com\/et\/wp-json\/wp\/v2\/comments?post=9394"}],"wp:featuredmedia":[{"embeddable":true,"href":"https:\/\/baubauwall.com\/et\/wp-json\/wp\/v2\/media\/9383"}],"wp:attachment":[{"href":"https:\/\/baubauwall.com\/et\/wp-json\/wp\/v2\/media?parent=9394"}],"wp:term":[{"taxonomy":"product_brand","embeddable":true,"href":"https:\/\/baubauwall.com\/et\/wp-json\/wp\/v2\/product_brand?post=9394"},{"taxonomy":"product_cat","embeddable":true,"href":"https:\/\/baubauwall.com\/et\/wp-json\/wp\/v2\/product_cat?post=9394"},{"taxonomy":"product_tag","embeddable":true,"href":"https:\/\/baubauwall.com\/et\/wp-json\/wp\/v2\/product_tag?post=9394"}],"curies":[{"name":"wp","href":"https:\/\/api.w.org\/{rel}","templated":true}]}}